{"id":5954,"date":"2023-12-28T19:02:17","date_gmt":"2023-12-28T18:02:17","guid":{"rendered":"https:\/\/www.couchenglish.pl\/?page_id=5954"},"modified":"2024-01-04T01:53:59","modified_gmt":"2024-01-04T00:53:59","slug":"wiecej-o-cookies","status":"publish","type":"page","link":"https:\/\/www.couchenglish.pl\/en\/wiecej-o-cookies\/","title":{"rendered":"MORE ABOUT COOKIES"},"content":{"rendered":"<div data-elementor-type=\"wp-page\" data-elementor-id=\"5954\" class=\"elementor elementor-5954\">\n\t\t\t\t\t\t<section class=\"elementor-section elementor-top-section elementor-element elementor-element-1f6cceae elementor-section-boxed elementor-section-height-default elementor-section-height-default\" data-id=\"1f6cceae\" data-element_type=\"section\" data-e-type=\"section\">\n\t\t\t\t\t\t<div class=\"elementor-container elementor-column-gap-default\">\n\t\t\t\t\t<div class=\"elementor-column elementor-col-100 elementor-top-column elementor-element elementor-element-4b90971e\" data-id=\"4b90971e\" data-element_type=\"column\" data-e-type=\"column\">\n\t\t\t<div class=\"elementor-widget-wrap elementor-element-populated\">\n\t\t\t\t\t\t<div class=\"elementor-element elementor-element-52995c3b elementor-widget elementor-widget-text-editor\" data-id=\"52995c3b\" data-element_type=\"widget\" data-e-type=\"widget\" data-widget_type=\"text-editor.default\">\n\t\t\t\t<div class=\"elementor-widget-container\">\n\t\t\t\t\t\t\t\t\t\n<h2 class=\"wp-block-heading\">MORE ABOUT COOKIES<\/h2>\n\n<p>This site uses cookies to improve your browsing experience and provide additional functionality. None of the data you provide will be able to be used to identify or contact you.<\/p>\n\n<p>This site uses third-party cookies, see privacy policy for details. This site uses tracking cookies, see privacy policy for details.<\/p>\n\n<p>To learn more about how this site uses cookies, read the <a href=\"https:\/\/www.couchenglish.pl\/en\/polityka-cookies-strony-www-couchenglish-pl\/\" data-type=\"page\" data-id=\"5947\">COOKIES POLICY<\/a>. By clicking Allow, you consent to this site storing small pieces of data on the device you use.<\/p>\n\n<p>To learn more about cookie storage, visit the <a href=\"https:\/\/uodo.gov.pl\/pl\/1\/255\" target=\"_blank\" rel=\"noopener\">UODO<\/a>. To disable all cookies through your browser, click the appropriate link and follow the instructions.<\/p>\n\n<p><a href=\"https:\/\/support.google.com\/accounts\/answer\/61416?hl=en\" target=\"_blank\" rel=\"noopener\">Turn cookies on or off<\/a><\/p>\n\n<p><a href=\"https:\/\/support.mozilla.org\/en-US\/kb\/enhanced-tracking-protection-firefox-desktop?redirectslug=enable-and-disable-cookies-website-preferences&amp;redirectlocale=pl\" target=\"_blank\" rel=\"noopener\">Enhanced Tracking Protection in Firefox for desktop<\/a><\/p>\n\n<p><a href=\"https:\/\/support.microsoft.com\/pl-pl\/windows\/usuwanie-plikw-cookie-i-zarzdzanie-nimi-168dab11-0753-043d-7c16-ede5947fc64d#ie=ie-11\" target=\"_blank\" rel=\"noopener\">Delete and manage cookies<\/a><\/p>\n\n<p><a href=\"https:\/\/help.opera.com\/pl\/latest\/web-preferences\/\" target=\"_blank\" rel=\"noopener\">Web preferences<\/a><\/p>\n\n<p><a href=\"https:\/\/support.apple.com\/en-gb\/guide\/safari\/sfri11471\/mac\" target=\"_blank\" rel=\"noopener\">Clear cookies in Safari on Mac<\/a><\/p>\n\t\t\t\t\t\t\t\t<\/div>\n\t\t\t\t<\/div>\n\t\t\t\t\t<\/div>\n\t\t<\/div>\n\t\t\t\t\t<\/div>\n\t\t<\/section>\n\t\t\t\t<\/div>","protected":false},"excerpt":{"rendered":"<p>WI\u0118CEJ O COOKIES Ta witryna korzysta z plik\u00f3w cookie, aby polepszy\u0107 do\u015bwiadczenie przegl\u0105dania i zapewni\u0107 dodatkow\u0105 funkcjonalno\u015b\u0107. \u017badne z podanych danych nie b\u0119dzie mog\u0142o zosta\u0107 u\u017cyte<span class=\"excerpt-hellip\"> [\u2026]<\/span><\/p>\n","protected":false},"author":1,"featured_media":0,"parent":0,"menu_order":0,"comment_status":"closed","ping_status":"closed","template":"","meta":{"footnotes":""},"class_list":["post-5954","page","type-page","status-publish","hentry"],"_links":{"self":[{"href":"https:\/\/www.couchenglish.pl\/en\/wp-json\/wp\/v2\/pages\/5954","targetHints":{"allow":["GET"]}}],"collection":[{"href":"https:\/\/www.couchenglish.pl\/en\/wp-json\/wp\/v2\/pages"}],"about":[{"href":"https:\/\/www.couchenglish.pl\/en\/wp-json\/wp\/v2\/types\/page"}],"author":[{"embeddable":true,"href":"https:\/\/www.couchenglish.pl\/en\/wp-json\/wp\/v2\/users\/1"}],"replies":[{"embeddable":true,"href":"https:\/\/www.couchenglish.pl\/en\/wp-json\/wp\/v2\/comments?post=5954"}],"version-history":[{"count":10,"href":"https:\/\/www.couchenglish.pl\/en\/wp-json\/wp\/v2\/pages\/5954\/revisions"}],"predecessor-version":[{"id":5975,"href":"https:\/\/www.couchenglish.pl\/en\/wp-json\/wp\/v2\/pages\/5954\/revisions\/5975"}],"wp:attachment":[{"href":"https:\/\/www.couchenglish.pl\/en\/wp-json\/wp\/v2\/media?parent=5954"}],"curies":[{"name":"wp","href":"https:\/\/api.w.org\/{rel}","templated":true}]}}