{"id":3,"date":"2020-04-16T09:19:38","date_gmt":"2020-04-16T09:19:38","guid":{"rendered":"https:\/\/themes.muffingroup.com\/be\/medicalshop\/?page_id=3"},"modified":"2022-08-31T17:45:28","modified_gmt":"2022-08-31T15:45:28","slug":"privacy-policy","status":"publish","type":"page","link":"https:\/\/www.couchenglish.pl\/pl\/privacy-policy\/","title":{"rendered":"POLITYKA PRYWATNO\u015aCI"},"content":{"rendered":"\n<h1 class=\"wp-block-heading\">POLITYKA PRYWATNO\u015aCI<\/h1>\n\n\n\n<p>Firmy Emilia Kacprzyk Ku\u017ania Kariery, ul. Wiolinowa 13, 80 \u2013 298 Gda\u0144sk. NIP 5921953482, REGON: 221235278 obowi\u0105zuje od 1 czerwca 2020r.<\/p>\n\n\n\n<p>Firma Emilia Kacprzyk Ku\u017ania Kariery w\u0142a\u015bciciel strony internetowej www.couchenglish.pl, dok\u0142ada wszelkich stara\u0144, aby chroni\u0107 prywatno\u015b\u0107 os\u00f3b korzystaj\u0105cych z niej. W celu realizacji zasady zgodnego z prawem, rzetelnego i przejrzystego przetwarzania Twoich danych osobowych w trakcie korzystania z naszych us\u0142ug, przyjmujemy dokument zwany Polityk\u0105 Prywatno\u015bci. Polityka Prywatno\u015bci okre\u015bla to, w jaki spos\u00f3b dbamy o Twoje dane osobowe i Twoje prawa.<\/p>\n\n\n\n<p><strong>S\u0141OWNIK POJ\u0118\u0106 U\u017bYWANYCH W TRE\u015aCI POLITYKI<\/strong><\/p>\n\n\n\n<p>Firma Emilia Kacprzyk Ku\u017ania Kariery, my, nasze \u2013 Emilia Kacprzyk Ku\u017ania Kariery, ul. Wiolinowa 13, 80 \u2013 298 Gda\u0144sk. NIP 5921953482, REGON: 221235278 Nasi klienci \u2013 klienci Firmy Emilia Kacprzyk Ku\u017ania Kariery, kt\u00f3rym firma \u015bwiadczy us\u0142ugi edukacyjne-nauka j\u0119zyk\u00f3w obcych PKD 85.59.A RODO \u2013 Rozporz\u0105dzenie Parlamentu Europejskiego i Rady (UE) 2016\/679 z dnia 27 kwietnia 2016 r. w sprawie ochrony os\u00f3b fizycznych w zwi\u0105zku z przetwarzaniem danych osobowych i w sprawie swobodnego przep\u0142ywu takich danych oraz uchylenia dyrektywy 95\/46\/WE (og\u00f3lne rozporz\u0105dzenie o ochronie danych). Klient \u2013 pe\u0142noletnia osoba fizyczna, kt\u00f3ra posiada aktualn\u0105 umow\u0119 z firm\u0105 Emilia Kacprzyk Ku\u017ania Kariery Potencjalny Klient \u2013 pe\u0142noletnia osoba fizyczna, kt\u00f3ra jest zainteresowana ofert\u0105 firmy Emilia Kacprzyk Ku\u017ania Kariery Ty, Tw\u00f3j \u2013 odpowiednio Klient lub Potencjalny Klient Strona, nasza strona &#8211; www.couchenglish.pl<\/p>\n\n\n\n<p><strong>KTO JEST ADMINISTRATOREM TWOICH DANYCH OSOBOWYCH i JAK MO\u017bESZ SI\u0118 Z NAMI SKONTAKTOWA\u0106?<\/strong><\/p>\n\n\n\n<p>Firma Emilia Kacprzyk Ku\u017ania Kariery jest administratorem Twoich danych osobowych, kt\u00f3re przekaza\u0142e\u015b nam poprzez wype\u0142nienie formularzy zawartych na stronie lub formularzy wype\u0142nionych w formie papierowej w siedzibie firmy. W razie pyta\u0144 dotycz\u0105cych przetwarzania Twoich danych osobowych oraz przys\u0142uguj\u0105cych Ci praw, skontaktuj si\u0119 z nami wysy\u0142aj\u0105c wiadomo\u015b\u0107 na adres rodo@couchenglish.pl<\/p>\n\n\n\n<p><strong>JAKIE DANE OSOBOWE PRZETWARZAMY, W JAKICH CELACH I NA JAKIEJ PODSTAWIE PRAWNEJ?<\/strong><\/p>\n\n\n\n<p>W celu przekazania Ci jak najbardziej przejrzystej informacji, pogrupowali\u015bmy te informacje odnosz\u0105c si\u0119 do celu przetwarzania Twoich danych osobowych.<\/p>\n\n\n\n<p><strong>ZAPYTANIE O OFERT\u0118<\/strong><\/p>\n\n\n\n<p>Zakres danych. W tym celu przetwarzamy dane osobowe podane przez Ciebie w formularzu zg\u0142oszeniowym, to znaczy adres e-mail, imi\u0119 i nazwisko, numer telefonu i dane, kt\u00f3re dobrowolnie podajesz nam w tre\u015bci zapytania. Podstawa prawna. Przygotowanie i wykonania umowy (art. 6 ust. 1 lit. b RODO).<\/p>\n\n\n\n<p><strong>ZAWARCIE UMOWY<\/strong><\/p>\n\n\n\n<p>Rodzaje um\u00f3w: umowa na \u015bwiadczenie us\u0142ug edukacyjnych indywidualnie lub grupowo. Zakres danych. W tym celu przetwarzamy dane osobowe podane przez Ciebie w formularzu zg\u0142oszeniowym, to znaczy adres e-mail, imi\u0119 i nazwisko, numer telefonu i dane, kt\u00f3re dobrowolnie podajesz nam w tre\u015bci zapytania. Podstawa prawna. Przygotowanie i wykonania umowy (art. 6 ust. 1 lit. b RODO).<\/p>\n\n\n\n<p><strong>STATYSTYKA KORZYSTANIA ZE STRONY<\/strong><\/p>\n\n\n\n<p>Zakres danych. W tych celach przetwarzamy dane osobowe dotycz\u0105ce Twojej aktywno\u015bci na naszej stronie, takie jak: odwiedzane strony i podstron oraz ilo\u015b\u0107 sp\u0119dzanego na ka\u017cdej z nich czasu. Podstawa prawna. Nasz prawnie uzasadniony interes (art. 6 ust. 1 lit. f RODO), polegaj\u0105cy na u\u0142atwieniu korzystania z naszej strony oraz na poprawie oferty us\u0142ug.<\/p>\n\n\n\n<p><strong>ROZPATRYWANIE SKARG I WNIOSK\u00d3W, ODPOWIEDZI NA PYTANIA<\/strong><\/p>\n\n\n\n<p>Zakres danych. W tym celu mo\u017cemy przetwarza\u0107 niekt\u00f3re dane osobowe podane przez Ciebie w formularzu, jak r\u00f3wnie\u017c dane dotycz\u0105ce korzystania z naszych us\u0142ug, b\u0119d\u0105cych przyczyn\u0105 skargi lub wniosku, dane zawarte w dokumentach za\u0142\u0105czonych do skargi lub wniosku. Podstawa prawna. Nasz prawnie uzasadniony interes (art. 6 ust. 1 lit. f RODO), polegaj\u0105cy na poprawie funkcjonalno\u015bci us\u0142ug oraz na budowaniu pozytywnych relacji z Klientami oraz Potencjalnymi Klientami, opartych na rzetelno\u015bci i lojalno\u015bci.<\/p>\n\n\n\n<p><strong>BADANIE TWOJEJ SATYSFAKCJI<\/strong><\/p>\n\n\n\n<p>Zakres danych. W tym celu przetwarzamy Twoje dane osobowe obejmuj\u0105ce: adres email oraz informacj\u0119 o dacie wys\u0142anej wiadomo\u015bci, jak r\u00f3wnie\u017c Twoje odpowiedzi na przygotowane przez nas pytania, zawarte w ankietach i formularzach wykorzystywanych do badania satysfakcji. Podstawa prawna. Nasz prawnie uzasadniony interes (art. 6 ust. 1 lit. f RODO), polegaj\u0105cy na poprawie dopasowania i jako\u015bci us\u0142ug oraz dokonaniu oceny satysfakcji Klient\u00f3w i Potencjalnych Klient\u00f3w.<\/p>\n\n\n\n<p><strong>MARKETING NASZYCH US\u0141UG<\/strong><\/p>\n\n\n\n<p>Informacje handlowe. Informacje handlowe zawieraj\u0105 oferty reklamowe wysy\u0142ane mailem z informacjami o us\u0142ugach, ich zakresie oraz cenie. W tym celu przetwarzamy dane osobowe podane przez Ciebie podczas wype\u0142nienia formularza na stronie oraz dane dotycz\u0105ce Twoich zapyta\u0144 Podstawa prawna. Nasz prawnie uzasadniony interes (art. 6 ust. 1 lit. f RODO), polegaj\u0105cy na marketingu naszych produkt\u00f3w i us\u0142ug. Newsletter. Newslettery zawieraj\u0105 informacje z \u017cycia firmy, akcje promocyjne, informacje dotycz\u0105ce warto\u015bciowych tre\u015bci z zakresu oferowanych us\u0142ug, wpis\u00f3w na blogu, wysy\u0142ane mailem z informacjami o us\u0142ugach, ich zakresie oraz cenie. W tym celu przetwarzamy dane osobowe podane przez Ciebie podczas wype\u0142nienia formularza na stronie oraz dane dotycz\u0105ce Twoich zapyta\u0144 Podstawa prawna. Nasz prawnie uzasadniony interes (art. 6 ust. 1 lit. f RODO), polegaj\u0105cy na marketingu naszych produkt\u00f3w i us\u0142ug.<\/p>\n\n\n\n<p><strong>KOMU UDOST\u0118PNIAMY TWOJE DANE OSOBOWE?<\/strong><\/p>\n\n\n\n<p>Przekazujemy Twoje dane osobowe nast\u0119puj\u0105cym kategoriom odbiorc\u00f3w: Pracownikom firmy Emilia Kacprzyk Ku\u017ania Kariery Udost\u0119pniamy twoje dane naszym pracownikom i wsp\u00f3\u0142pracownikom, aby mogli si\u0119 z Tob\u0105 skontaktowa\u0107, w celu na jaki wyrazi\u0142e\u015b zgod\u0119. Przekazujemy Twoje dane osobowe dostawcom us\u0142ug, z kt\u00f3rych korzystamy. Dostawcy us\u0142ug, kt\u00f3rym przekazujemy Twoje dane osobowe, w zale\u017cno\u015bci od uzgodnie\u0144 umownych i okoliczno\u015bci, albo podlegaj\u0105 naszym poleceniom co do cel\u00f3w i sposob\u00f3w przetwarzania tych danych (podmioty przetwarzaj\u0105ce) albo samodzielnie okre\u015blaj\u0105 cele i sposoby ich przetwarzania (administratorzy). Wykaz dostawc\u00f3w, z kt\u00f3rych us\u0142ug korzystamy, znajdziesz tutaj: -Biuro Rachunkowe DwaPlusJeden, ul. Ja\u015bkowa Dolina 6\/3, 80-252 Gda\u0144sk. KRS: 0000337896 NIP: 9571027161 REGON: 220878293 -SaldeoSmart \u2013 system ksi\u0119gowy obs\u0142ugiwany przez BrainSHARE IT sp.z o.o. Siedziba: ul. Conrada 51, 31-357 Krak\u00f3w Wykaz jest na bie\u017c\u0105co aktualizowany. Podmioty przetwarzaj\u0105ce. Korzystamy z dostawc\u00f3w, kt\u00f3rzy przetwarzaj\u0105 Twoje dane osobowe wy\u0142\u0105cznie na nasze polecenie. \u015awiadcz\u0105 oni dla nas us\u0142ug\u0119 hostingu w chmurze obliczeniowej, dostarczaj\u0105 nam systemy do marketingu online, do wy\u015bwietlania powiadomie\u0144 web push, do wysy\u0142ki wiadomo\u015bci email, do analizy ruchu na stronie, do analizy skuteczno\u015bci kampanii marketingowych. Organy pa\u0144stwowe Udost\u0119pniamy Twoje dane osobowe, je\u017celi zwr\u00f3c\u0105 si\u0119 do nas o to uprawnione organy pa\u0144stwowe, w szczeg\u00f3lno\u015bci jednostki organizacyjne prokuratury, Policja, Generalny Inspektor Ochrony Danych Osobowych (w przysz\u0142o\u015bci Prezes Urz\u0119du Ochrony Danych Osobowych), Prezes Urz\u0119du Ochrony Konkurencji i Konsument\u00f3w lub Prezes Urz\u0119du Komunikacji Elektronicznej.<\/p>\n\n\n\n<p><strong>JAK D\u0141UGO PRZECHOWUJEMY TWOJE DANE OSOBOWE?<\/strong><\/p>\n\n\n\n<p>Okres przechowywania twoich danych zale\u017cy od celu: ofertowym &#8211; przez okres 12 miesi\u0119cy, nawi\u0105zania umowy &#8211; od dnia zg\u0142oszenia do czasu 24 miesi\u0119cy od dnia zako\u0144czenia umowy, marketingu naszych us\u0142ug i produkt\u00f3w &#8211; przez okres 24 miesi\u0119cy, w pozosta\u0142ych celach wymienionych w pkt. 3 niniejszej polityki- przez okres 12 miesi\u0119cy.<\/p>\n\n\n\n<p><strong>JAKIE S\u0104 TWOJE PRAWA Z ZWI\u0104ZKU Z PRZETWARZANIEM TWOICH DANYCH OSOBOWYCH?<\/strong><\/p>\n\n\n\n<p>Zapewniamy realizacj\u0119 Twoich uprawnie\u0144 wskazanych poni\u017cej. Mo\u017cesz realizowa\u0107 swoje prawa przez zg\u0142oszenie \u017c\u0105dania na adres rodo@couchenglish.pl Prawo do cofni\u0119cia zgody Masz prawo do cofni\u0119cia ka\u017cdej zgody, jakiej udzieli\u0142e\u015b w momencie przes\u0142ania formularza, jak r\u00f3wnie\u017c danych, kt\u00f3re udost\u0119pni\u0142e\u015b nam przesy\u0142aj\u0105c wiadomo\u015b\u0107 e-mail. Cofni\u0119cie zgody ma skutek od momentu wycofania zgody. Cofni\u0119cie zgody nie wp\u0142ywa na przetwarzanie dokonywane przez nas zgodnie z prawem przed jej cofni\u0119ciem. Cofni\u0119cie zgody nie poci\u0105ga za sob\u0105 dla Ciebie \u017cadnych negatywnych konsekwencji. Mo\u017ce jednak uniemo\u017cliwi\u0107 dalsze korzystanie z us\u0142ug, kt\u00f3re zgodnie z prawem mo\u017cemy \u015bwiadczy\u0107 jedynie za zgod\u0105 (np. mo\u017cliwo\u015bci udzia\u0142u w dalszych us\u0142ugach lub otrzymywania informacji handlowych). Podstawa prawna: art. 7 ust. 3 RODO Prawo do sprzeciwu wobec wykorzystania danych Masz prawo w dowolnym momencie wnie\u015b\u0107 sprzeciw wobec wykorzystania Twoich danych osobowych, w tym profilowania, je\u017celi przetwarzamy Twoje dane w oparciu o nasz prawnie uzasadniony interes, marketingiem naszych us\u0142ug , prowadzeniem statystyki korzystania ze strony czy badaniem satysfakcji. Je\u017celi Tw\u00f3j sprzeciw oka\u017ce si\u0119 zasadny i nie b\u0119dziemy mieli innej podstawy prawnej do przetwarzania Twoich danych osobowych, usuniemy Twoje dane, wobec wykorzystania kt\u00f3rych wnios\u0142e\u015b sprzeciw. Podstawa prawna: art. 21 RODO Prawo do usuni\u0119cia danych (\u201eprawo do bycia zapomnianym\u201d) Masz ma prawo do \u017c\u0105dania usuni\u0119cia wszystkich lub niekt\u00f3rych danych osobowych. Masz prawo \u017c\u0105dania usuni\u0119cia danych osobowych, je\u017celi: a) wycofa\u0142e\u015b okre\u015blon\u0105 zgod\u0119, w zakresie w jakim dane osobowe by\u0142y przetwarzane w oparciu o Twoj\u0105 zgod\u0119; b) Twoje dane osobowe przesta\u0142y by\u0107 niezb\u0119dne do cel\u00f3w, w kt\u00f3rych zosta\u0142y zebrane lub w kt\u00f3rych by\u0142y przetwarzane; c) wnios\u0142e\u015b sprzeciw wobec wykorzystywania Twoich danych w celach marketingowych; d) wnios\u0142e\u015b sprzeciw wobec wykorzystywania Twoich danych w celu prowadzenia statystyki korzystania ze strony i badania satysfakcji, a sprzeciw zosta\u0142 uznany za zasadny; e) Twoje dane osobowe s\u0105 przetwarzane niezgodnie z prawem. Pomimo \u017c\u0105dania usuni\u0119cia danych osobowych, w zwi\u0105zku z wniesieniem sprzeciwu lub wycofaniem zgody, mo\u017cemy zachowa\u0107 pewne dane osobowe w zakresie niezb\u0119dnym do cel\u00f3w ustalenia, dochodzenia lub obrony roszcze\u0144. Dotyczy to w szczeg\u00f3lno\u015bci danych osobowych obejmuj\u0105cych: imi\u0119, nazwisko, adres e-mail oraz histori\u0119 aplikacji, kt\u00f3re to dane zachowujemy dla cel\u00f3w rozpatrywania skarg oraz roszcze\u0144. Podstawa prawna: art. 17 RODO Prawo do ograniczenia przetwarzania danych Masz prawo do \u017c\u0105dania ograniczenia przetwarzania Twoich danych osobowych. Mo\u017cesz to uczyni\u0107 np. w nast\u0119puj\u0105cych przypadkach: a) gdy kwestionujesz prawid\u0142owo\u015b\u0107 swoich danych osobowych \u2013 w\u00f3wczas ograniczymy ich wykorzystanie na czas potrzebny nam do sprawdzenia prawid\u0142owo\u015bci Twoich danych, nie d\u0142u\u017cej jednak ni\u017c na 7 dni; b) gdy przetwarzanie Twoich danych jest niezgodne z prawem, a zamiast usuni\u0119cia danych za\u017c\u0105dasz ograniczenia ich wykorzystania; c) gdy Twoje dane osobowe przesta\u0142y by\u0107 niezb\u0119dne do cel\u00f3w, w kt\u00f3rych je zebrali\u015bmy lub wykorzystywali\u015bmy, ale s\u0105 one potrzebne Tobie w celu ustalenia, dochodzenia lub obrony roszcze\u0144; d) gdy wnios\u0142e\u015b sprzeciw wobec wykorzystania Twoich danych \u2013 w\u00f3wczas ograniczenie nast\u0119puje na czas potrzebny do rozwa\u017cenia, czy \u2013 ze wzgl\u0119du na Twoj\u0105 szczeg\u00f3ln\u0105 sytuacj\u0119 \u2013 ochrona Twoich interes\u00f3w, praw i wolno\u015bci przewa\u017ca nad interesami, kt\u00f3re realizujemy, przetwarzaj\u0105c Twoje dane osobowe. Podstawa prawna: art. 18 RODO Prawo dost\u0119pu do danych Masz prawo uzyska\u0107 od nas potwierdzenie, czy przetwarzamy Twoje dane osobowe, a je\u017celi ma to miejsce, masz prawo: a) uzyska\u0107 dost\u0119p do swoich danych osobowych; b) uzyska\u0107 informacje o celach przetwarzania, kategoriach przetwarzanych danych osobowych, o odbiorcach lub kategoriach odbiorc\u00f3w tych danych, planowanym okresie przechowywania Twoich danych lub o kryteriach ustalania tego okresu, o prawach przys\u0142uguj\u0105cych Ci na mocy RODO oraz o prawie wniesienia skargi do organu nadzorczego, o \u017ar\u00f3dle tych danych, o zautomatyzowanym podejmowaniu decyzji, w tym o profilowaniu oraz o zabezpieczeniach stosowanych w zwi\u0105zku z przekazaniem tych danych poza Uni\u0119 Europejsk\u0105; c) uzyska\u0107 kopi\u0119 swoich danych osobowych. Podstawa prawna: art. 15 RODO Prawo do sprostowania danych Masz prawo do sprostowania i uzupe\u0142nienia podanych przez siebie danych osobowych. Mo\u017cesz tego dokona\u0107 samodzielnie w zak\u0142adce Ustawienia (Prywatno\u015b\u0107). W odniesieniu do pozosta\u0142ych danych osobowych masz prawo \u017c\u0105da\u0107 od nas sprostowania tych danych (je\u017celi s\u0105 nieprawid\u0142owe) oraz ich uzupe\u0142nienia (je\u017celi s\u0105 niekompletne). Podstawa prawna: art. 16 RODO Prawo do przenoszenia danych Masz prawo otrzyma\u0107 swoje dane osobowe, kt\u00f3re nam dostarczy\u0142e\u015b, a nast\u0119pnie przes\u0142a\u0107 je do innego, wybranego przez siebie, administratora danych osobowych, np. do innego operatora podobnych serwis\u00f3w. Masz r\u00f3wnie\u017c prawo \u017c\u0105da\u0107, by dane osobowe zosta\u0142y przes\u0142ane przez nas bezpo\u015brednio takiemu innemu administratorowi, o ile jest to technicznie mo\u017cliwe. Twoje dane osobowe wy\u015blemy w postaci pliku w formacie pdf. Podstawa prawna: art. 20 RODO W jakim czasie spe\u0142niamy Twoje \u017c\u0105danie? Je\u017celi, w wykonaniu wymienionych powy\u017cej uprawnie\u0144, wyst\u0119pujesz do nas z \u017c\u0105daniem, spe\u0142niamy to \u017c\u0105danie albo odmawiamy jego spe\u0142nienia niezw\u0142ocznie, nie p\u00f3\u017aniej jednak ni\u017c w ci\u0105gu 14 dni po jego otrzymaniu. Je\u017celi jednak &#8211; z uwagi na skomplikowany charakter \u017c\u0105dania lub liczb\u0119 \u017c\u0105da\u0144 \u2013 nie b\u0119dziemy mogli spe\u0142ni\u0107 Twojego \u017c\u0105dania w ci\u0105gu 14 dni, spe\u0142nimy je w ci\u0105gu kolejnego miesi\u0105ca informuj\u0105c Ci\u0119 uprzednio o zamierzonym przed\u0142u\u017ceniu terminu. Zg\u0142aszanie skarg, zapyta\u0144 i wniosk\u00f3w Mo\u017cesz zg\u0142asza\u0107 do nas skargi, zapytania i wnioski dotycz\u0105ce przetwarzania Twoich danych osobowych oraz realizacji przys\u0142uguj\u0105cych Ci uprawnie\u0144. Je\u017celi uwa\u017casz, \u017ce Twoje prawo do ochrony danych osobowych lub inne prawa przyznane Ci na mocy RODO zosta\u0142y naruszone, masz prawo do wniesienia skargi do Generalnego Inspektora Ochrony Danych Osobowych (w przysz\u0142o\u015bci Prezesa Urz\u0119du Ochrony Danych Osobowych).<\/p>\n\n\n\n<p><strong>W JAKI SPOS\u00d3B DBAMY O BEZPIECZE\u0143STWO TWOICH DANYCH OSOBOWYCH?<\/strong><\/p>\n\n\n\n<p>Dok\u0142adamy wszelkich stara\u0144, aby zapewni\u0107 bezpiecze\u0144stwo Twoich danych osobowych. Stosujemy nowoczesne rozwi\u0105zania chmurowe, programy antywirusowe, Firewall, zabezpieczamy nasze telekomunikacyjne urz\u0105dzenia ko\u0144cowe has\u0142em.<\/p>\n\n\n\n<p><strong>ZMIANY W POLITYCE PRYWATNO\u015aCI<\/strong><\/p>\n\n\n\n<p>Stosownie do potrzeb mo\u017cemy zmienia\u0107 i uzupe\u0142nia\u0107 Polityk\u0119 Prywatno\u015bci. O wszelkich zmianach lub uzupe\u0142nieniach poinformujemy Ci\u0119 poprzez zamieszczenie odpowiednich informacji na naszej stronie www.couchenglish.pl, a w przypadku bardzo istotnych zmian, prze\u015blemy ci j\u0105 na maila.<\/p>\n","protected":false},"excerpt":{"rendered":"<p>POLITYKA PRYWATNO\u015aCI Firmy Emilia Kacprzyk Ku\u017ania Kariery, ul. Wiolinowa 13, 80 \u2013 298 Gda\u0144sk. NIP 5921953482, REGON: 221235278 obowi\u0105zuje od 1 czerwca 2020r. Firma Emilia Kacprzyk<span class=\"excerpt-hellip\"> [\u2026]<\/span><\/p>\n","protected":false},"author":1,"featured_media":0,"parent":0,"menu_order":0,"comment_status":"closed","ping_status":"open","template":"","meta":{"footnotes":""},"class_list":["post-3","page","type-page","status-publish","hentry"],"_links":{"self":[{"href":"https:\/\/www.couchenglish.pl\/pl\/wp-json\/wp\/v2\/pages\/3","targetHints":{"allow":["GET"]}}],"collection":[{"href":"https:\/\/www.couchenglish.pl\/pl\/wp-json\/wp\/v2\/pages"}],"about":[{"href":"https:\/\/www.couchenglish.pl\/pl\/wp-json\/wp\/v2\/types\/page"}],"author":[{"embeddable":true,"href":"https:\/\/www.couchenglish.pl\/pl\/wp-json\/wp\/v2\/users\/1"}],"replies":[{"embeddable":true,"href":"https:\/\/www.couchenglish.pl\/pl\/wp-json\/wp\/v2\/comments?post=3"}],"version-history":[{"count":3,"href":"https:\/\/www.couchenglish.pl\/pl\/wp-json\/wp\/v2\/pages\/3\/revisions"}],"predecessor-version":[{"id":4820,"href":"https:\/\/www.couchenglish.pl\/pl\/wp-json\/wp\/v2\/pages\/3\/revisions\/4820"}],"wp:attachment":[{"href":"https:\/\/www.couchenglish.pl\/pl\/wp-json\/wp\/v2\/media?parent=3"}],"curies":[{"name":"wp","href":"https:\/\/api.w.org\/{rel}","templated":true}]}}