{"id":5947,"date":"2023-12-28T18:50:33","date_gmt":"2023-12-28T17:50:33","guid":{"rendered":"https:\/\/www.couchenglish.pl\/?page_id=5947"},"modified":"2024-01-04T02:02:41","modified_gmt":"2024-01-04T01:02:41","slug":"polityka-cookies-strony-www-couchenglish-pl","status":"publish","type":"page","link":"https:\/\/www.couchenglish.pl\/pl\/polityka-cookies-strony-www-couchenglish-pl\/","title":{"rendered":"POLITYKA COOKIES strony www.couchenglish.pl"},"content":{"rendered":"\t\t<div data-elementor-type=\"wp-page\" data-elementor-id=\"5947\" class=\"elementor elementor-5947\">\n\t\t\t\t\t\t<section class=\"elementor-section elementor-top-section elementor-element elementor-element-758eed46 elementor-section-boxed elementor-section-height-default elementor-section-height-default\" data-id=\"758eed46\" data-element_type=\"section\" data-e-type=\"section\">\n\t\t\t\t\t\t<div class=\"elementor-container elementor-column-gap-default\">\n\t\t\t\t\t<div class=\"elementor-column elementor-col-100 elementor-top-column elementor-element elementor-element-6fa505ef\" data-id=\"6fa505ef\" data-element_type=\"column\" data-e-type=\"column\">\n\t\t\t<div class=\"elementor-widget-wrap elementor-element-populated\">\n\t\t\t\t\t\t<div class=\"elementor-element elementor-element-48d8ba80 elementor-widget elementor-widget-text-editor\" data-id=\"48d8ba80\" data-element_type=\"widget\" data-e-type=\"widget\" data-widget_type=\"text-editor.default\">\n\t\t\t\t<div class=\"elementor-widget-container\">\n\t\t\t\t\t\t\t\t\t\n<h2 class=\"wp-block-heading\">POLITYKA COOKIES strony www.couchenglish.pl<\/h2>\n\n<p><strong>Firmy<\/strong> <strong>Emilia Kacprzyk Ku\u017ania Kariery, ul. Wiolinowa 13, 80 \u2013 298 Gda\u0144sk. NIP 5921953482, REGON: 221235278<\/strong><\/p>\n\n<p>Obowi\u0105zuje od 1 czerwca 2020 r.<\/p>\n\n<p><strong>Pliki Cookies<\/strong><\/p>\n\n<p>Podmiotem zamieszczaj\u0105cym pliki cookies na urz\u0105dzeniu ko\u0144cowym U\u017cytkownika strony internetowej oraz uzyskuj\u0105cym do nich dost\u0119p jest operator strony www.couchenglish.pl &#8211; Firma Emilia Kacprzyk Ku\u017ania Kariery, ul. Wiolinowa 13, 80 \u2013 298 Gda\u0144sk. NIP 5921953482, REGON: 221235278.<\/p>\n\n<p>Strona nie zbiera w spos\u00f3b automatyczny \u017cadnych informacji, z wyj\u0105tkiem informacji zawartych w plikach cookies. Pliki cookies (tzw. \u201eciasteczka\u201d) stanowi\u0105 dane informatyczne, w szczeg\u00f3lno\u015bci pliki tekstowe, kt\u00f3re przechowywane s\u0105 w urz\u0105dzeniu ko\u0144cowym U\u017cytkownika strony internetowej (np. komputerze, smartfonie, tablecie) oraz przeznaczone s\u0105 do korzystania ze stron internetowych. Emilia Kacprzyk Ku\u017ania Kariery korzysta z plik\u00f3w cookies zgodnie z art. 173 ustawy z dnia 22 marca 2013 r. Prawo telekomunikacyjne, Rozporz\u0105dzeniem Parlamentu Europejskiego i Rady (UE) 2016\/679 z dnia 27 kwietnia 2016 r. w sprawie ochrony os\u00f3b fizycznych w zwi\u0105zku z przetwarzaniem danych osobowych i w sprawie swobodnego przep\u0142ywu takich danych oraz uchylenia dyrektywy 95\/46\/WE (og\u00f3lne rozporz\u0105dzenie o ochronie danych, RODO) oraz ustaw\u0105 z dnia 18 lipca 2002 o \u015bwiadczeniu us\u0142ug drog\u0105 elektroniczn\u0105. Ciasteczka pozwalaj\u0105 na odczytanie informacji w nich zawartych jedynie serwerowi, kt\u00f3ry je utworzy\u0142, czyli w tym wypadku Emilia Kacprzyk Ku\u017ania Kariery. Pliki cookies zamieszczane przez Emilia Kacprzyk Ku\u017ania Kariery zawieraj\u0105 nazw\u0119 strony internetowej, z kt\u00f3rej pochodz\u0105, czas przechowywania ich na urz\u0105dzeniu ko\u0144cowym oraz unikalny numer.<\/p>\n\n<p><strong>Cele w jakich stosowane s\u0105 pliki cookies<\/strong><\/p>\n\n<p>Emilia Kacprzyk Ku\u017ania Kariery korzysta z plik\u00f3w cookies w\u0142asnych, jak r\u00f3wnie\u017c swoich zaufanych partner\u00f3w w celach:<\/p>\n\n<ul class=\"wp-block-list\">\n<li>dostosowania zawarto\u015bci stron internetowych do preferencji U\u017cytkownika oraz optymalizacji korzystania ze stron internetowych; w szczeg\u00f3lno\u015bci pliki te pozwalaj\u0105 rozpozna\u0107 urz\u0105dzenie U\u017cytkownika stron internetowych i odpowiednio wy\u015bwietli\u0107 stron\u0119 internetow\u0105;<\/li>\n\n<li>tworzenia statystyk i danych analitycznych, kt\u00f3re pomagaj\u0105 zrozumie\u0107, w jaki spos\u00f3b U\u017cytkownicy korzystaj\u0105 ze stron internetowych, co umo\u017cliwia ulepszanie ich struktury i zawarto\u015bci;<\/li>\n\n<li>zapami\u0119tania podejmowanych interakcji i wykorzystanych funkcji;<\/li>\n\n<li>prowadzenia kontaktu z U\u017cytkownikiem poprzez narz\u0119dzie czatu;<\/li>\n\n<li>dostosowania tre\u015bci reklamowych do zainteresowa\u0144 U\u017cytkownik\u00f3w.<\/li>\n<\/ul>\n\n<p><strong>Rodzaje plik\u00f3w cookies<\/strong><\/p>\n\n<p>Ze wzgl\u0119du na cel, jakiemu s\u0142u\u017c\u0105 pliki cookies, stosowane s\u0105 nast\u0119puj\u0105ce rodzaje:<\/p>\n\n<ul class=\"wp-block-list\">\n<li>niezb\u0119dne pliki cookies, umo\u017cliwiaj\u0105ce korzystanie z us\u0142ug dost\u0119pnych w ramach strony internetowej i umo\u017cliwiaj\u0105ce jej funkcjonowanie;<\/li>\n\n<li>wydajno\u015bciowe pliki cookies, umo\u017cliwiaj\u0105ce zbieranie informacji o sposobie korzystania ze stron internetowych;<\/li>\n\n<li>funkcjonalne pliki cookies, umo\u017cliwiaj\u0105ce \u201ezapami\u0119tanie\u201d wybranych przez U\u017cytkownika ustawie\u0144 i personalizacj\u0119 interfejsu U\u017cytkownika, np. w zakresie wybranego j\u0119zyka lub regionu, z kt\u00f3rego pochodzi U\u017cytkownik, rozmiaru czcionki, wygl\u0105du strony internetowej itp.;<\/li>\n\n<li>statystyczne s\u0142u\u017c\u0105ce do zliczana i analizowania statystyk dotycz\u0105cych stron internetowych;<\/li>\n\n<li>reklamowe pliki cookies, umo\u017cliwiaj\u0105ce dostarczanie U\u017cytkownikom tre\u015bci reklamowych bardziej dostosowanych do ich zainteresowa\u0144.<\/li>\n<\/ul>\n\n<p>Do grona naszych zaufanych partner\u00f3w nale\u017c\u0105:<\/p>\n\n<ul class=\"wp-block-list\">\n<li>Facebook Inc.<\/li>\n\n<li>Google<\/li>\n\n<li>LinkedIn<\/li>\n\n<li>Instagram<\/li>\n<\/ul>\n\n<p>U\u017cytkownik ko\u0144cowy mo\u017ce wyrazi\u0107 zgod\u0119, lub j\u0105 cofn\u0105\u0107 w dowolnym momencie, na przechowywanie plik\u00f3w cookies pochodz\u0105cych z strony internetowej w jego urz\u0105dzeniu ko\u0144cowym za pomoc\u0105 ustawie\u0144 przegl\u0105darki internetowej zainstalowanej w wykorzystywanym przez niego urz\u0105dzeniu, np. laptop, tablet, smartfon.<\/p>\n\n<p>W wielu przypadkach oprogramowanie s\u0142u\u017c\u0105ce do przegl\u0105dania stron internetowych (przegl\u0105darka internetowa) domy\u015blnie dopuszcza przechowywanie plik\u00f3w cookies w urz\u0105dzeniu z kt\u00f3rego korzysta U\u017cytkownik. U\u017cytkownicy mog\u0105 dokona\u0107 w ka\u017cdym czasie zmiany ustawie\u0144 dotycz\u0105cych plik\u00f3w cookies. Ustawienia te mog\u0105 zosta\u0107 zmienione w szczeg\u00f3lno\u015bci w taki spos\u00f3b, aby blokowa\u0107 automatyczn\u0105 obs\u0142ug\u0119 plik\u00f3w cookies w ustawieniach przegl\u0105darki internetowej b\u0105d\u017a informowa\u0107 o ich ka\u017cdorazowym zamieszczeniu w urz\u0105dzeniu U\u017cytkownika.<\/p>\n\n<p>Warto pami\u0119ta\u0107, \u017ce ograniczenia stosowania plik\u00f3w cookies mog\u0105 wp\u0142yn\u0105\u0107 na niekt\u00f3re funkcjonalno\u015bci dost\u0119pne na stronach internetowych.<\/p>\n\n<p>Ka\u017cdy U\u017cytkownik ma mo\u017cliwo\u015b\u0107 zmiany ustawie\u0144 przegl\u0105darki cookies. Funkcjonalno\u015b\u0107 taka dost\u0119pna jest w ustawieniach oprogramowania (przegl\u0105darki internetowej).<\/p>\n\n<p>Poni\u017cej wskazano adresy stron opisuj\u0105cych wy\u0142\u0105czenie lub zmian\u0119 ustawie\u0144 dla przyk\u0142adowych przegl\u0105darek internetowych:<\/p>\n\n<ul>\n<li>Internet Explorer:<br \/><a href=\"https:\/\/support.microsoft.com\/pl-pl\/help\/17442\/windows-internet-explorer-delete-manage-cookies\" target=\"_blank\" rel=\"noopener\">https:\/\/support.microsoft.com\/pl-pl\/help\/17442\/windows-internet-explorer-delete-manage-cookies<\/a><\/li>\n<\/ul>\n\n<ul>\n<li>Mozilla Firefox:<br \/><a href=\"https:\/\/support.mozilla.org\/pl\/kb\/ciasteczka\" target=\"_blank\" rel=\"noopener\">https:\/\/support.mozilla.org\/pl\/kb\/ciasteczka<\/a><\/li>\n<\/ul>\n\n<ul>\n<li>Chrome:<br \/>\u202f<a href=\"https:\/\/support.google.com\/chrome\/answer\/95647?hl=pl\" target=\"_blank\" rel=\"noopener\">https:\/\/support.google.com\/chrome\/answer\/95647?hl=pl<\/a><\/li>\n<\/ul>\n\n<ul>\n<li>Opera:<br \/><a href=\"http:\/\/help.opera.com\/Linux\/9.22\/pl\/cookies.html\" target=\"_blank\" rel=\"noopener\">http:\/\/help.opera.com\/Linux\/9.22\/pl\/cookies.html<\/a><\/li>\n<\/ul>\n\n<p>Na stronie internetowej mog\u0105 znajdowa\u0107 si\u0119 przekierowania do stron internetowych b\u0119d\u0105cych w\u0142asno\u015bci\u0105 i obs\u0142ugiwanych przez podmioty zewn\u0119trzne.<\/p>\n\t\t\t\t\t\t\t\t<\/div>\n\t\t\t\t<\/div>\n\t\t\t\t\t<\/div>\n\t\t<\/div>\n\t\t\t\t\t<\/div>\n\t\t<\/section>\n\t\t\t\t<\/div>\n\t\t","protected":false},"excerpt":{"rendered":"<p>POLITYKA COOKIES strony www.couchenglish.pl Firmy Emilia Kacprzyk Ku\u017ania Kariery, ul. Wiolinowa 13, 80 \u2013 298 Gda\u0144sk. NIP 5921953482, REGON: 221235278 Obowi\u0105zuje od 1 czerwca 2020 r.<span class=\"excerpt-hellip\"> [\u2026]<\/span><\/p>\n","protected":false},"author":1,"featured_media":0,"parent":0,"menu_order":0,"comment_status":"closed","ping_status":"closed","template":"","meta":{"footnotes":""},"class_list":["post-5947","page","type-page","status-publish","hentry"],"_links":{"self":[{"href":"https:\/\/www.couchenglish.pl\/pl\/wp-json\/wp\/v2\/pages\/5947","targetHints":{"allow":["GET"]}}],"collection":[{"href":"https:\/\/www.couchenglish.pl\/pl\/wp-json\/wp\/v2\/pages"}],"about":[{"href":"https:\/\/www.couchenglish.pl\/pl\/wp-json\/wp\/v2\/types\/page"}],"author":[{"embeddable":true,"href":"https:\/\/www.couchenglish.pl\/pl\/wp-json\/wp\/v2\/users\/1"}],"replies":[{"embeddable":true,"href":"https:\/\/www.couchenglish.pl\/pl\/wp-json\/wp\/v2\/comments?post=5947"}],"version-history":[{"count":8,"href":"https:\/\/www.couchenglish.pl\/pl\/wp-json\/wp\/v2\/pages\/5947\/revisions"}],"predecessor-version":[{"id":5978,"href":"https:\/\/www.couchenglish.pl\/pl\/wp-json\/wp\/v2\/pages\/5947\/revisions\/5978"}],"wp:attachment":[{"href":"https:\/\/www.couchenglish.pl\/pl\/wp-json\/wp\/v2\/media?parent=5947"}],"curies":[{"name":"wp","href":"https:\/\/api.w.org\/{rel}","templated":true}]}}