{"id":5954,"date":"2023-12-28T19:02:17","date_gmt":"2023-12-28T18:02:17","guid":{"rendered":"https:\/\/www.couchenglish.pl\/?page_id=5954"},"modified":"2024-01-04T01:53:59","modified_gmt":"2024-01-04T00:53:59","slug":"wiecej-o-cookies","status":"publish","type":"page","link":"https:\/\/www.couchenglish.pl\/pl\/wiecej-o-cookies\/","title":{"rendered":"WI\u0118CEJ O COOKIES"},"content":{"rendered":"\t\t<div data-elementor-type=\"wp-page\" data-elementor-id=\"5954\" class=\"elementor elementor-5954\">\n\t\t\t\t\t\t<section class=\"elementor-section elementor-top-section elementor-element elementor-element-1f6cceae elementor-section-boxed elementor-section-height-default elementor-section-height-default\" data-id=\"1f6cceae\" data-element_type=\"section\" data-e-type=\"section\">\n\t\t\t\t\t\t<div class=\"elementor-container elementor-column-gap-default\">\n\t\t\t\t\t<div class=\"elementor-column elementor-col-100 elementor-top-column elementor-element elementor-element-4b90971e\" data-id=\"4b90971e\" data-element_type=\"column\" data-e-type=\"column\">\n\t\t\t<div class=\"elementor-widget-wrap elementor-element-populated\">\n\t\t\t\t\t\t<div class=\"elementor-element elementor-element-52995c3b elementor-widget elementor-widget-text-editor\" data-id=\"52995c3b\" data-element_type=\"widget\" data-e-type=\"widget\" data-widget_type=\"text-editor.default\">\n\t\t\t\t<div class=\"elementor-widget-container\">\n\t\t\t\t\t\t\t\t\t\n<h2 class=\"wp-block-heading\">WI\u0118CEJ O COOKIES<\/h2>\n\n<p>Ta witryna korzysta z plik\u00f3w cookie, aby polepszy\u0107 do\u015bwiadczenie przegl\u0105dania i zapewni\u0107 dodatkow\u0105 funkcjonalno\u015b\u0107. \u017badne z podanych danych nie b\u0119dzie mog\u0142o zosta\u0107 u\u017cyte do identyfikacji lub kontaktu z Tob\u0105.<\/p>\n\n<p>Ta strona korzysta z plik\u00f3w cookie os\u00f3b trzecich, szczeg\u00f3\u0142owe informacje w polityce prywatno\u015bci. Ta strona korzysta z \u015bledzenia plik\u00f3w cookie, zobacz szczeg\u00f3\u0142owe informacje na temat polityki prywatno\u015bci.<\/p>\n\n<p>Aby dowiedzie\u0107 si\u0119 wi\u0119cej o tym, jak ta witryna korzysta z plik\u00f3w cookie, przeczytaj <a href=\"https:\/\/www.couchenglish.pl\/polityka-cookies-strony-www-couchenglish-pl\/\" data-type=\"page\" data-id=\"5947\">POLITYK\u0118 COOKIES<\/a>. Klikaj\u0105c Zezwalaj wyra\u017casz zgod\u0119, aby ta witryna przechowywa\u0142a ma\u0142e fragmenty danych w urz\u0105dzeniu, z kt\u00f3rego korzystasz.<\/p>\n\n<p>Aby dowiedzie\u0107 si\u0119 wi\u0119cej na temat przechowywania plik\u00f3w cookie, odwied\u017a <a href=\"https:\/\/uodo.gov.pl\/pl\/1\/255\" target=\"_blank\" rel=\"noopener\">UODO<\/a>. Aby wy\u0142\u0105czy\u0107 wszystkie pliki cookie za po\u015brednictwem przegl\u0105darki, kliknij odpowiedni link i post\u0119puj zgodnie z instrukcjami.<\/p>\n\n<p><a href=\"https:\/\/support.google.com\/accounts\/answer\/61416?hl=en\" target=\"_blank\" rel=\"noopener\">W\u0142\u0105czanie i wy\u0142\u0105czanie obs\u0142ugi plik\u00f3w cookie<\/a><\/p>\n\n<p><a href=\"https:\/\/support.mozilla.org\/en-US\/kb\/enhanced-tracking-protection-firefox-desktop?redirectslug=enable-and-disable-cookies-website-preferences&amp;redirectlocale=pl\" target=\"_blank\" rel=\"noopener\">Wzmocniona ochrona przed \u015bledzeniem<\/a><\/p>\n\n<p><a href=\"https:\/\/support.microsoft.com\/pl-pl\/windows\/usuwanie-plik%C3%B3w-cookie-i-zarz%C4%85dzanie-nimi-168dab11-0753-043d-7c16-ede5947fc64d#ie=ie-11\" target=\"_blank\" rel=\"noopener\">Usuwanie plik\u00f3w cookie i zarz\u0105dzanie nimi<\/a><\/p>\n\n<p><a href=\"https:\/\/help.opera.com\/pl\/latest\/web-preferences\/\" target=\"_blank\" rel=\"noopener\">Preferencje przegl\u0105dania<\/a><\/p>\n\n<p><a href=\"https:\/\/support.apple.com\/en-gb\/guide\/safari\/sfri11471\/mac\" target=\"_blank\" rel=\"noopener\">Wymazywanie plik\u00f3w cookie w Safari<\/a><\/p>\n\t\t\t\t\t\t\t\t<\/div>\n\t\t\t\t<\/div>\n\t\t\t\t\t<\/div>\n\t\t<\/div>\n\t\t\t\t\t<\/div>\n\t\t<\/section>\n\t\t\t\t<\/div>\n\t\t","protected":false},"excerpt":{"rendered":"<p>WI\u0118CEJ O COOKIES Ta witryna korzysta z plik\u00f3w cookie, aby polepszy\u0107 do\u015bwiadczenie przegl\u0105dania i zapewni\u0107 dodatkow\u0105 funkcjonalno\u015b\u0107. \u017badne z podanych danych nie b\u0119dzie mog\u0142o zosta\u0107 u\u017cyte<span class=\"excerpt-hellip\"> [\u2026]<\/span><\/p>\n","protected":false},"author":1,"featured_media":0,"parent":0,"menu_order":0,"comment_status":"closed","ping_status":"closed","template":"","meta":{"footnotes":""},"class_list":["post-5954","page","type-page","status-publish","hentry"],"_links":{"self":[{"href":"https:\/\/www.couchenglish.pl\/pl\/wp-json\/wp\/v2\/pages\/5954","targetHints":{"allow":["GET"]}}],"collection":[{"href":"https:\/\/www.couchenglish.pl\/pl\/wp-json\/wp\/v2\/pages"}],"about":[{"href":"https:\/\/www.couchenglish.pl\/pl\/wp-json\/wp\/v2\/types\/page"}],"author":[{"embeddable":true,"href":"https:\/\/www.couchenglish.pl\/pl\/wp-json\/wp\/v2\/users\/1"}],"replies":[{"embeddable":true,"href":"https:\/\/www.couchenglish.pl\/pl\/wp-json\/wp\/v2\/comments?post=5954"}],"version-history":[{"count":10,"href":"https:\/\/www.couchenglish.pl\/pl\/wp-json\/wp\/v2\/pages\/5954\/revisions"}],"predecessor-version":[{"id":5975,"href":"https:\/\/www.couchenglish.pl\/pl\/wp-json\/wp\/v2\/pages\/5954\/revisions\/5975"}],"wp:attachment":[{"href":"https:\/\/www.couchenglish.pl\/pl\/wp-json\/wp\/v2\/media?parent=5954"}],"curies":[{"name":"wp","href":"https:\/\/api.w.org\/{rel}","templated":true}]}}