{"id":21455,"date":"2024-08-06T08:00:24","date_gmt":"2024-08-06T06:00:24","guid":{"rendered":"https:\/\/www.couchenglish.pl\/?post_type=product&#038;p=21455"},"modified":"2024-08-19T02:26:55","modified_gmt":"2024-08-19T00:26:55","slug":"compensation-benefits-in-charge","status":"publish","type":"product","link":"https:\/\/www.couchenglish.pl\/pl\/produkt\/compensation-benefits-in-charge\/","title":{"rendered":"Compensation &#038; benefits in charge"},"content":{"rendered":"","protected":false},"excerpt":{"rendered":"<p><span style=\"font-weight: 400;\">As Comp &amp; Ben is embracing HR and business, gaining more prominent role in people managements and performance efficiency, it is worth to understand a bit more about the way Comp&amp; Ben is designed, and how it can also be leveraged with new technologies.\u00a0<\/span><\/p>\n<p>&nbsp;<\/p>\n<ul>\n<li style=\"font-weight: 400;\" aria-level=\"1\"><span style=\"font-weight: 400;\">Compensation trends<br \/>\n<\/span><a href=\"https:\/\/www.bamboohr.com\/resources\/guides\/compensation-trends\"><span>https:\/\/www.bamboohr.com\/resources\/guides\/compensation-trends<\/span><\/a><\/li>\n<\/ul>\n<ul>\n<li style=\"font-weight: 400;\" aria-level=\"1\"><span style=\"font-weight: 400;\">Compensation Packages That Actually Drive Performance<br \/>\n<\/span><a href=\"https:\/\/hbr.org\/2021\/01\/compensation-packages-that-actually-drive-performance\"><span>https:\/\/hbr.org\/2021\/01\/compensation-packages-that-actually-drive-performance<\/span><\/a><\/li>\n<\/ul>\n<ul>\n<li style=\"font-weight: 400;\" aria-level=\"1\"><span style=\"font-weight: 400;\">AI in Compensation and Benefits: Predictive Analytics<br \/>\n<\/span><a href=\"https:\/\/hrbrain.ai\/blog\/ai-in-compensation-and-benefits-predictive-analytics\/\"><span>https:\/\/hrbrain.ai\/blog\/ai-in-compensation-and-benefits-predictive-analytics\/<\/span><\/a><span>\u00a0<\/span><\/li>\n<\/ul>\n<ul>\n<li style=\"font-weight: 400;\" aria-level=\"1\"><span style=\"font-weight: 400;\">Reevaluating Executive Compensation to Meet Stakeholder Needs<br \/>\n<\/span><a href=\"https:\/\/hbr.org\/2022\/01\/reevaluating-executive-compensation-to-meet-stakeholder-needs\"><span>https:\/\/hbr.org\/2022\/01\/reevaluating-executive-compensation-to-meet-stakeholder-needs<\/span><\/a><span>\u00a0<\/span><\/li>\n<\/ul>\n<p>&nbsp;<\/p>\n<p>&nbsp;<\/p>\n<p><em>Je\u015bli chcesz otrzyma\u0107 plik w formacie PDF (z linkami do artyku\u0142\u00f3w i podcast\u00f3w), kliknij przycisk \u201eKup teraz\u201d.<\/em><\/p>\n","protected":false},"featured_media":21457,"template":"","meta":[],"product_brand":[],"product_cat":[114],"product_tag":[],"class_list":{"0":"post-21455","1":"product","2":"type-product","3":"status-publish","4":"has-post-thumbnail","6":"product_cat-inspiracje","8":"first","9":"instock","10":"virtual","11":"purchasable","12":"product-type-simple"},"_links":{"self":[{"href":"https:\/\/www.couchenglish.pl\/pl\/wp-json\/wp\/v2\/product\/21455","targetHints":{"allow":["GET"]}}],"collection":[{"href":"https:\/\/www.couchenglish.pl\/pl\/wp-json\/wp\/v2\/product"}],"about":[{"href":"https:\/\/www.couchenglish.pl\/pl\/wp-json\/wp\/v2\/types\/product"}],"version-history":[{"count":3,"href":"https:\/\/www.couchenglish.pl\/pl\/wp-json\/wp\/v2\/product\/21455\/revisions"}],"predecessor-version":[{"id":21459,"href":"https:\/\/www.couchenglish.pl\/pl\/wp-json\/wp\/v2\/product\/21455\/revisions\/21459"}],"wp:featuredmedia":[{"embeddable":true,"href":"https:\/\/www.couchenglish.pl\/pl\/wp-json\/wp\/v2\/media\/21457"}],"wp:attachment":[{"href":"https:\/\/www.couchenglish.pl\/pl\/wp-json\/wp\/v2\/media?parent=21455"}],"wp:term":[{"taxonomy":"product_brand","embeddable":true,"href":"https:\/\/www.couchenglish.pl\/pl\/wp-json\/wp\/v2\/product_brand?post=21455"},{"taxonomy":"product_cat","embeddable":true,"href":"https:\/\/www.couchenglish.pl\/pl\/wp-json\/wp\/v2\/product_cat?post=21455"},{"taxonomy":"product_tag","embeddable":true,"href":"https:\/\/www.couchenglish.pl\/pl\/wp-json\/wp\/v2\/product_tag?post=21455"}],"curies":[{"name":"wp","href":"https:\/\/api.w.org\/{rel}","templated":true}]}}