{"id":22732,"date":"2026-03-09T10:02:13","date_gmt":"2026-03-09T09:02:13","guid":{"rendered":"https:\/\/www.couchenglish.pl\/?post_type=product&#038;p=22732"},"modified":"2026-03-09T10:08:40","modified_gmt":"2026-03-09T09:08:40","slug":"sztuka-prezentacji-na-forum-miedzynarodowym","status":"publish","type":"product","link":"https:\/\/www.couchenglish.pl\/pl\/produkt\/sztuka-prezentacji-na-forum-miedzynarodowym\/","title":{"rendered":"Sztuka prezentacji na forum mi\u0119dzynarodowym"},"content":{"rendered":"\t\t<div data-elementor-type=\"wp-post\" data-elementor-id=\"22732\" class=\"elementor elementor-22732\">\n\t\t\t\t\t\t<section class=\"elementor-section elementor-top-section elementor-element elementor-element-377d339 elementor-section-full_width elementor-section-height-default elementor-section-height-default\" data-id=\"377d339\" data-element_type=\"section\" data-e-type=\"section\">\n\t\t\t\t\t\t<div class=\"elementor-container elementor-column-gap-default\">\n\t\t\t\t\t<div class=\"elementor-column elementor-col-100 elementor-top-column elementor-element elementor-element-023594d\" data-id=\"023594d\" data-element_type=\"column\" data-e-type=\"column\">\n\t\t\t<div class=\"elementor-widget-wrap elementor-element-populated\">\n\t\t\t\t\t\t<div class=\"elementor-element elementor-element-68eae2b elementor-widget elementor-widget-shortcode\" data-id=\"68eae2b\" data-element_type=\"widget\" data-e-type=\"widget\" data-widget_type=\"shortcode.default\">\n\t\t\t\t<div class=\"elementor-widget-container\">\n\t\t\t\t\t\t\t<div class=\"elementor-shortcode\">\n<table id=\"tablepress-48\" class=\"tablepress tablepress-id-48 tbody-has-connected-cells\">\n<tbody>\n<tr class=\"row-1\">\n\t<td class=\"column-1\">Nr bloku<\/td><td class=\"column-2\">Temat<\/td><td class=\"column-3\">Zakres tematyczny<\/td>\n<\/tr>\n<tr class=\"row-2\">\n\t<td rowspan=\"4\" class=\"column-1\">Blok 1<\/td><td rowspan=\"4\" class=\"column-2\">Techniki interesuj\u0105cych prezentacji<\/td><td class=\"column-3\">Autoprezentacja \u2013 elevator pitch jako sztuka wzbudzenia zainteresowania r\u00f3\u017cnorodnego odbiorcy<\/td>\n<\/tr>\n<tr class=\"row-3\">\n\t<td class=\"column-3\">Jak si\u0119 przedstawi\u0107, zrobi\u0107 dobre wra\u017cenie, w j\u0119zyku angielskim<\/td>\n<\/tr>\n<tr class=\"row-4\">\n\t<td class=\"column-3\">Techniki interesuj\u0105cego rozpocz\u0119cia prezentacji<\/td>\n<\/tr>\n<tr class=\"row-5\">\n\t<td class=\"column-3\">Kreowanie pozytywnego wizerunku poprzez dopasowanie si\u0119 do odbiorcy i umiej\u0119tno\u015b\u0107 radzenia sobie z pytaniami z widowni<\/td>\n<\/tr>\n<tr class=\"row-6\">\n\t<td rowspan=\"2\" class=\"column-1\">Blok 2<\/td><td rowspan=\"2\" class=\"column-2\">Stres w trakcie wyst\u0105pie\u0144<\/td><td class=\"column-3\">Techniki radzenia sobie ze stresem \u2013 co zrobi\u0107 przed i w trakcie wyst\u0105pienia, aby zminimalizowa\u0107 poziom stresu i tremy<\/td>\n<\/tr>\n<tr class=\"row-7\">\n\t<td class=\"column-3\">Prezentacja w j\u0119zyku angielskim \u2013 metody budowania pewno\u015bci siebie, i wykorzystanie w nich kultury \u201epoor language\u201d<\/td>\n<\/tr>\n<tr class=\"row-8\">\n\t<td rowspan=\"4\" class=\"column-1\">Blok 3<\/td><td rowspan=\"4\" class=\"column-2\">Utrzymanie zainteresowania i zaanga\u017cowania odbiorc\u00f3w<\/td><td class=\"column-3\">Value \u2013 based language w rozmowie z klientem \u2013 om\u00f3wienie argument\u00f3w, kt\u00f3rych mo\u017cecie u\u017cywa\u0107 w komunikacji z klientem, formy ich przedstawiania<\/td>\n<\/tr>\n<tr class=\"row-9\">\n\t<td class=\"column-3\">Krzywa uwagi odbiorcy, a styl prowadzenia prezentacji<\/td>\n<\/tr>\n<tr class=\"row-10\">\n\t<td class=\"column-3\">Regu\u0142a 10 \u2013 20 \u2013 30 w prowadzeniu prezentacji<\/td>\n<\/tr>\n<tr class=\"row-11\">\n\t<td class=\"column-3\">Dob\u00f3r s\u0142\u00f3w ma znaczenie \u2013 jak moderowa\u0107 prezentacj\u0119 w j\u0119zyku angielskim \u2013 praktyczny s\u0142ownik typowych zwrot\u00f3w<\/td>\n<\/tr>\n<tr class=\"row-12\">\n\t<td rowspan=\"6\" class=\"column-1\">Blok 4<\/td><td rowspan=\"6\" class=\"column-2\">Konstrukcja prezentacji w j\u0119zyku angielskim<\/td><td class=\"column-3\">Przedstawienie celu i oczekiwanych efekt\u00f3w prezentacji<\/td>\n<\/tr>\n<tr class=\"row-13\">\n\t<td class=\"column-3\">Om\u00f3wienie agendy spotkania, prezentacji<\/td>\n<\/tr>\n<tr class=\"row-14\">\n\t<td class=\"column-3\">Jak naturalnie przechodzi\u0107 z tematu na temat, zagadnienia do zagadnienia w prezentacji<\/td>\n<\/tr>\n<tr class=\"row-15\">\n\t<td class=\"column-3\">Typowe angielskie zwroty pozwalaj\u0105ce \u201eg\u0142adko\u201d przechodzi\u0107 po elementach prezentacji<\/td>\n<\/tr>\n<tr class=\"row-16\">\n\t<td class=\"column-3\">Sesja Q &amp; A \u2013 jak ni\u0105 zarz\u0105dza\u0107 <\/td>\n<\/tr>\n<tr class=\"row-17\">\n\t<td class=\"column-3\">Podsumowanie i wnioski<\/td>\n<\/tr>\n<tr class=\"row-18\">\n\t<td rowspan=\"3\" class=\"column-1\">Blok 5<\/td><td rowspan=\"3\" class=\"column-2\">Prezentacja w praktyce <\/td><td class=\"column-3\">Scenariusze u\u017cywane w prowadzeniu prezentacji \u2013 od og\u00f3\u0142u do szczeg\u00f3\u0142u, w oparciu o customer experience<\/td>\n<\/tr>\n<tr class=\"row-19\">\n\t<td class=\"column-3\"> Warsztat prowadzania prezentacji z wykorzystaniem poznanych technik \u2013 w j\u0119zyku angielskim<\/td>\n<\/tr>\n<tr class=\"row-20\">\n\t<td class=\"column-3\">Feedback trenera w obszarze przygotowanych prezentacji uczestnik\u00f3w <\/td>\n<\/tr>\n<tr class=\"row-21\">\n\t<td rowspan=\"3\" class=\"column-1\">Blok 6<\/td><td rowspan=\"3\" class=\"column-2\">Komunikacja w \u015brodowisku mi\u0119dzynarodowych<\/td><td class=\"column-3\">G\u0142\u00f3wne zasady etykiety w r\u00f3\u017cnych kulturach \u2013 w oparciu o kraje, z kt\u00f3rymi wsp\u00f3\u0142pracuj\u0105 uczestnicy<\/td>\n<\/tr>\n<tr class=\"row-22\">\n\t<td class=\"column-3\">Mo\u017cliwe bariery mi\u0119dzykulturowe \u2013 na bazie praktycznych przyk\u0142ad\u00f3w trenera<\/td>\n<\/tr>\n<tr class=\"row-23\">\n\t<td class=\"column-3\">Na jakie elementy zwraca\u0107 uwag\u0119 w prezentacji na forum mi\u0119dzynarodowym \u2013 podej\u015bcie do punktualno\u015bci, moderacji, zadawania pyta\u0144, czy burzy m\u00f3zg\u00f3w<\/td>\n<\/tr>\n<\/tbody>\n<\/table>\n<!-- #tablepress-48 from cache --><\/div>\n\t\t\t\t\t\t<\/div>\n\t\t\t\t<\/div>\n\t\t\t\t\t<\/div>\n\t\t<\/div>\n\t\t\t\t\t<\/div>\n\t\t<\/section>\n\t\t\t\t<\/div>\n\t\t","protected":false},"excerpt":{"rendered":"<p>&nbsp;<\/p>\n<p><strong>Cz\u0119\u015b\u0107 szkolenia prowadzona jest w j\u0119zyku angielskim \u2013 aby pozna\u0107 i prze\u0107wiczy\u0107 praktyczne umiej\u0119tno\u015bci prezentacyjne.<\/strong><\/p>\n<p>&nbsp;<\/p>\n<h5>CELE SZKOLENIA:<\/h5>\n<ul>\n<li>Nabycie praktycznych umiej\u0119tno\u015bci zwi\u0105zanych z przygotowywaniem i wyg\u0142aszaniem prezentacji publicznych w j\u0119zyku angielskim<\/li>\n<li>Poznanie technik interesuj\u0105cego rozpocz\u0119cia prezentacji<\/li>\n<li>Poznanie technik przygotowywania i prowadzenia prezentacji dopasowanych do potrzeb klienta, z u\u017cyciem j\u0119zyka korzy\u015bci<\/li>\n<li>Pog\u0142\u0119bienie umiej\u0119tno\u015bci radzenia sobie ze stresem i trem\u0105<\/li>\n<li>Poznanie zasad prowadzenia prezentacji w \u015brodowisku mi\u0119dzynarodowym<\/li>\n<li>Poznanie typowych zwrot\u00f3w u\u017cywanych w prezentacjach, w j\u0119zyku angielskim<\/li>\n<li>Prze\u0107wiczenie prowadzenia prezentacji w praktyce<\/li>\n<\/ul>\n<p>&nbsp;<\/p>\n<p>&nbsp;<\/p>\n<p>&nbsp;<\/p>\n","protected":false},"featured_media":22733,"template":"","meta":[],"product_brand":[],"product_cat":[101],"product_tag":[],"class_list":{"0":"post-22732","1":"product","2":"type-product","3":"status-publish","4":"has-post-thumbnail","6":"product_cat-szkolenia","8":"first","9":"instock","10":"shipping-taxable","11":"purchasable","12":"product-type-simple"},"_links":{"self":[{"href":"https:\/\/www.couchenglish.pl\/pl\/wp-json\/wp\/v2\/product\/22732","targetHints":{"allow":["GET"]}}],"collection":[{"href":"https:\/\/www.couchenglish.pl\/pl\/wp-json\/wp\/v2\/product"}],"about":[{"href":"https:\/\/www.couchenglish.pl\/pl\/wp-json\/wp\/v2\/types\/product"}],"version-history":[{"count":2,"href":"https:\/\/www.couchenglish.pl\/pl\/wp-json\/wp\/v2\/product\/22732\/revisions"}],"predecessor-version":[{"id":22736,"href":"https:\/\/www.couchenglish.pl\/pl\/wp-json\/wp\/v2\/product\/22732\/revisions\/22736"}],"wp:featuredmedia":[{"embeddable":true,"href":"https:\/\/www.couchenglish.pl\/pl\/wp-json\/wp\/v2\/media\/22733"}],"wp:attachment":[{"href":"https:\/\/www.couchenglish.pl\/pl\/wp-json\/wp\/v2\/media?parent=22732"}],"wp:term":[{"taxonomy":"product_brand","embeddable":true,"href":"https:\/\/www.couchenglish.pl\/pl\/wp-json\/wp\/v2\/product_brand?post=22732"},{"taxonomy":"product_cat","embeddable":true,"href":"https:\/\/www.couchenglish.pl\/pl\/wp-json\/wp\/v2\/product_cat?post=22732"},{"taxonomy":"product_tag","embeddable":true,"href":"https:\/\/www.couchenglish.pl\/pl\/wp-json\/wp\/v2\/product_tag?post=22732"}],"curies":[{"name":"wp","href":"https:\/\/api.w.org\/{rel}","templated":true}]}}