{"id":4989,"date":"2023-11-09T21:57:32","date_gmt":"2023-11-09T20:57:32","guid":{"rendered":"https:\/\/www.couchenglish.pl\/?post_type=product&#038;p=4989"},"modified":"2025-08-03T18:55:07","modified_gmt":"2025-08-03T16:55:07","slug":"english-for-expats","status":"publish","type":"product","link":"https:\/\/www.couchenglish.pl\/pl\/produkt\/english-for-expats\/","title":{"rendered":"English for expats"},"content":{"rendered":"\t\t<div data-elementor-type=\"wp-post\" data-elementor-id=\"4989\" class=\"elementor elementor-4989\">\n\t\t\t\t\t\t<section class=\"elementor-section elementor-top-section elementor-element elementor-element-377d339 elementor-section-full_width elementor-section-height-default elementor-section-height-default\" data-id=\"377d339\" data-element_type=\"section\" data-e-type=\"section\">\n\t\t\t\t\t\t<div class=\"elementor-container elementor-column-gap-default\">\n\t\t\t\t\t<div class=\"elementor-column elementor-col-100 elementor-top-column elementor-element elementor-element-023594d\" data-id=\"023594d\" data-element_type=\"column\" data-e-type=\"column\">\n\t\t\t<div class=\"elementor-widget-wrap elementor-element-populated\">\n\t\t\t\t\t\t<div class=\"elementor-element elementor-element-68eae2b elementor-widget elementor-widget-shortcode\" data-id=\"68eae2b\" data-element_type=\"widget\" data-e-type=\"widget\" data-widget_type=\"shortcode.default\">\n\t\t\t\t<div class=\"elementor-widget-container\">\n\t\t\t\t\t\t\t<div class=\"elementor-shortcode\">\n<table id=\"tablepress-46\" class=\"tablepress tablepress-id-46 tbody-has-connected-cells\">\n<tbody>\n<tr class=\"row-1\">\n\t<td class=\"column-1\">Temat<\/td><td class=\"column-2\">Czas trwania<\/td><td class=\"column-3\">Zakres tematyczny<\/td>\n<\/tr>\n<tr class=\"row-2\">\n\t<td rowspan=\"3\" class=\"column-1\">Przygotowanie do relokacji<\/td><td rowspan=\"3\" class=\"column-2\">2<\/td><td class=\"column-3\">Jak szuka\u0107 pracy<\/td>\n<\/tr>\n<tr class=\"row-3\">\n\t<td class=\"column-3\">Blaski i cienie relokacji<\/td>\n<\/tr>\n<tr class=\"row-4\">\n\t<td class=\"column-3\">Formalno\u015bci zwi\u0105zane z wyjazdem zagranicznym<\/td>\n<\/tr>\n<tr class=\"row-5\">\n\t<td rowspan=\"4\" class=\"column-1\">Rozmowa kwalifikacyjna<\/td><td rowspan=\"4\" class=\"column-2\">3<\/td><td class=\"column-3\">Przygotowanie do rozmowy<\/td>\n<\/tr>\n<tr class=\"row-6\">\n\t<td class=\"column-3\">Pytania zadawane w trakcie interview<\/td>\n<\/tr>\n<tr class=\"row-7\">\n\t<td class=\"column-3\">Praktyczne symulacje interview<\/td>\n<\/tr>\n<tr class=\"row-8\">\n\t<td class=\"column-3\">Komunikacja mailowa, poprzez social media z przysz\u0142ym pracodawc\u0105<\/td>\n<\/tr>\n<tr class=\"row-9\">\n\t<td rowspan=\"3\" class=\"column-1\">Small talk<\/td><td rowspan=\"3\" class=\"column-2\">3<\/td><td class=\"column-3\">Codzienne rozmowy na ulicy i w pracy przy kawie<\/td>\n<\/tr>\n<tr class=\"row-10\">\n\t<td class=\"column-3\">Jak si\u0119 przedstawi\u0107 i opowiedzie\u0107 par\u0119 s\u0142\u00f3w o sobie<\/td>\n<\/tr>\n<tr class=\"row-11\">\n\t<td class=\"column-3\">Slang, kt\u00f3rego nie poznamy z ksi\u0105\u017cek<\/td>\n<\/tr>\n<tr class=\"row-12\">\n\t<td rowspan=\"3\" class=\"column-1\">Podr\u00f3\u017cowanie<\/td><td rowspan=\"3\" class=\"column-2\">2<\/td><td class=\"column-3\">Lotnisko - typowe zwroty i rozmowy na lotnisku<\/td>\n<\/tr>\n<tr class=\"row-13\">\n\t<td class=\"column-3\">Poruszanie si\u0119 komunikacj\u0105 miejsk\u0105<\/td>\n<\/tr>\n<tr class=\"row-14\">\n\t<td class=\"column-3\">Pytanie o drog\u0119<\/td>\n<\/tr>\n<tr class=\"row-15\">\n\t<td rowspan=\"3\" class=\"column-1\">Osiedlenie si\u0119 w nowym kraju<\/td><td rowspan=\"3\" class=\"column-2\">2<\/td><td class=\"column-3\">Wynajem pokoju, mieszkania - rozmowa z landlord, i nieco ekskluzywniej - w hotelu<\/td>\n<\/tr>\n<tr class=\"row-16\">\n\t<td class=\"column-3\">Wynajem\/zakup samochodu<\/td>\n<\/tr>\n<tr class=\"row-17\">\n\t<td class=\"column-3\">Wykupienie ubezpieczenia, telefonu, rozmowa z dostawcami medi\u00f3w itd. <\/td>\n<\/tr>\n<tr class=\"row-18\">\n\t<td rowspan=\"3\" class=\"column-1\">Codzienna komunikacja<\/td><td rowspan=\"3\" class=\"column-2\">3<\/td><td class=\"column-3\">W sklepie - typowe, a nie tylko ksi\u0105\u017ckowe zwroty<\/td>\n<\/tr>\n<tr class=\"row-19\">\n\t<td class=\"column-3\">U fryzjera czy kosmetyczki<\/td>\n<\/tr>\n<tr class=\"row-20\">\n\t<td class=\"column-3\">Wyj\u015bcie do kwawiarni, restauracji<\/td>\n<\/tr>\n<tr class=\"row-21\">\n\t<td rowspan=\"3\" class=\"column-1\">Kwestie formalne zwi\u0105zane z relokacj\u0105<\/td><td rowspan=\"3\" class=\"column-2\">2<\/td><td class=\"column-3\">Zasady zatrudniania - rodzaje i zakresy um\u00f3w<\/td>\n<\/tr>\n<tr class=\"row-22\">\n\t<td class=\"column-3\">Formalno\u015bci konieczne w przypadku relokacji<\/td>\n<\/tr>\n<tr class=\"row-23\">\n\t<td class=\"column-3\">Przywileje wynikaj\u0105ce z zatrudnienia<\/td>\n<\/tr>\n<tr class=\"row-24\">\n\t<td rowspan=\"3\" class=\"column-1\">Sprawy urz\u0119dowe<\/td><td rowspan=\"3\" class=\"column-2\">3<\/td><td class=\"column-3\">Wizyta w banku<\/td>\n<\/tr>\n<tr class=\"row-25\">\n\t<td class=\"column-3\">Wizyta w urzedach<\/td>\n<\/tr>\n<tr class=\"row-26\">\n\t<td class=\"column-3\">Pisanie pism i maili oficjalnych<\/td>\n<\/tr>\n<\/tbody>\n<\/table>\n<!-- #tablepress-46 from cache --><\/div>\n\t\t\t\t\t\t<\/div>\n\t\t\t\t<\/div>\n\t\t\t\t\t<\/div>\n\t\t<\/div>\n\t\t\t\t\t<\/div>\n\t\t<\/section>\n\t\t\t\t<\/div>\n\t\t","protected":false},"excerpt":{"rendered":"<p>5 &#8211; miesi\u0119czny kurs online, dedykowany osobom planuj\u0105cym wyjazd zagranic\u0119, rozpocz\u0119cie pracy lub w\u0142asnej dzia\u0142alno\u015bci poza granicami kraju, g\u0142\u00f3wnie w krajach tj. UK, Irlandia czy US. Kurs \u0142\u0105cz\u0105cy przygotowanie do u\u017cycia j\u0119zyka w codziennym \u017cyciu i os\u0142uchania si\u0119 z akcentem Native, kt\u00f3ry prowadzi zaj\u0119cia; z dodatkow\u0105 dawk\u0105 wiedzy o realiach pracy, zatrudnienia relokacji i przygotowania si\u0119 do interview &#8211; ta cz\u0119\u015b\u0107 kursu prowadzona jest przez do\u015bwiadczonego HR Managera dziel\u0105cego si\u0119 w\u0142asnymi do\u015bwiadczeniami i wiedz\u0105 po przeprowadzce z Polski do Irlandii. Celem kursu jest poznanie s\u0142ownictwa u\u017cywanego w \u017cyciu zawodowym i prywatnym, w codziennych sytuacjach, mieszkaj\u0105c zagranic\u0105.<\/p>\n<p>Zaj\u0119cia w formie szkolenia \u2013 \u0142\u0105cz\u0105ce cz\u0119\u015b\u0107 teoretyczn\u0105 z praktyczn\u0105, z r\u00f3\u017cnorodnymi dyskusjami, symulacjami na bazie rzeczywistych sytuacji, z dodatkow\u0105 warto\u015bci\u0105 kursu w postaci przygotowanie do rozmowy kwalifikacyjnej, poznania reali\u00f3w zatrudnienia i wynagrodzenia w krajach tj. UK, Irlandia, czy USA.<\/p>\n<p>Kurs prowadzony w ma\u0142ych grupach , aby zapewni\u0107 mo\u017cliwo\u015b\u0107 swobodnej konwersacji i praktyki w u\u017cyciu j\u0119zyka (grupy do 6 os\u00f3b).<\/p>\n<p>Ka\u017cdy uczestnik otrzymuje materia\u0142y obejmuj\u0105ce tre\u015bci przekazywane w trakcie kursu:<\/p>\n<ul>\n<li>Prezentacja<\/li>\n<li>Lista s\u0142\u00f3wek z przyk\u0142adami zastosowa\u0144<\/li>\n<li>Lista zwrot\u00f3w z live\u2019\u00f3w (a zatem u\u017cywanych przez uczestnik\u00f3w w trakcie symulacji interview itd.)<\/li>\n<li>Certyfikat w j\u0119zyku polskim i angielskim<\/li>\n<\/ul>\n<p>Poziom kursu: A2; B1; B2<br \/>\nGdzie: Online (zoom)<br \/>\nKiedy: Kurs trwa 5 miesi\u0119cy &#8211; 4 spotkania po 60 minut, w ka\u017cdym miesi\u0105cu<\/p>\n","protected":false},"featured_media":4990,"template":"","meta":[],"product_brand":[],"product_cat":[23],"product_tag":[],"class_list":{"0":"post-4989","1":"product","2":"type-product","3":"status-publish","4":"has-post-thumbnail","6":"product_cat-kursy-specjalistyczne","8":"first","9":"instock","10":"virtual","11":"purchasable","12":"product-type-simple"},"_links":{"self":[{"href":"https:\/\/www.couchenglish.pl\/pl\/wp-json\/wp\/v2\/product\/4989","targetHints":{"allow":["GET"]}}],"collection":[{"href":"https:\/\/www.couchenglish.pl\/pl\/wp-json\/wp\/v2\/product"}],"about":[{"href":"https:\/\/www.couchenglish.pl\/pl\/wp-json\/wp\/v2\/types\/product"}],"version-history":[{"count":6,"href":"https:\/\/www.couchenglish.pl\/pl\/wp-json\/wp\/v2\/product\/4989\/revisions"}],"predecessor-version":[{"id":5489,"href":"https:\/\/www.couchenglish.pl\/pl\/wp-json\/wp\/v2\/product\/4989\/revisions\/5489"}],"wp:featuredmedia":[{"embeddable":true,"href":"https:\/\/www.couchenglish.pl\/pl\/wp-json\/wp\/v2\/media\/4990"}],"wp:attachment":[{"href":"https:\/\/www.couchenglish.pl\/pl\/wp-json\/wp\/v2\/media?parent=4989"}],"wp:term":[{"taxonomy":"product_brand","embeddable":true,"href":"https:\/\/www.couchenglish.pl\/pl\/wp-json\/wp\/v2\/product_brand?post=4989"},{"taxonomy":"product_cat","embeddable":true,"href":"https:\/\/www.couchenglish.pl\/pl\/wp-json\/wp\/v2\/product_cat?post=4989"},{"taxonomy":"product_tag","embeddable":true,"href":"https:\/\/www.couchenglish.pl\/pl\/wp-json\/wp\/v2\/product_tag?post=4989"}],"curies":[{"name":"wp","href":"https:\/\/api.w.org\/{rel}","templated":true}]}}