{"id":5262,"date":"2023-04-23T23:52:52","date_gmt":"2023-04-23T21:52:52","guid":{"rendered":"https:\/\/www.couchenglish.pl\/?post_type=product&#038;p=5262"},"modified":"2023-09-12T22:56:21","modified_gmt":"2023-09-12T20:56:21","slug":"coaching-jezykowy","status":"publish","type":"product","link":"https:\/\/www.couchenglish.pl\/pl\/produkt\/coaching-jezykowy\/","title":{"rendered":"Coaching j\u0119zykowy"},"content":{"rendered":"","protected":false},"excerpt":{"rendered":"<p><strong>Coaching j\u0119zykowy to spotkania z lektorem b\u0119d\u0105cym jednocze\u015bnie profesjonalnym coachem ICF.<\/strong>\u00a0Spotkania nastawione s\u0105 na szybkie prze\u0142amywanie barier j\u0119zykowych i nabranie pewno\u015bci siebie w u\u017cyciu j\u0119zyka angielskiego.<\/p>\n<p>Proces coachingowy trwa od 2 do 5 spotka\u0144. Po jego zako\u0144czeniu istnieje mo\u017cliwo\u015b\u0107 kontynuacji wsp\u00f3\u0142pracy w ramach standardowego kursu j\u0119zykowego.<\/p>\n<p><strong>Na czym polega coaching j\u0119zykowy:<\/strong><\/p>\n<ul>\n<li>ustalamy potrzeby i oczekiwania osoby coachowanej<\/li>\n<li>okre\u015blamy mocne strony , jak i te wymagaj\u0105ce poprawy \u2013 i to zar\u00f3wno braki j\u0119zykowe np. s\u0142ownictwo, jak i ograniczenia osobowo\u015bciowe np. nie\u015bmia\u0142o\u015b\u0107<\/li>\n<li>okre\u015blamy czas trwania i cz\u0119stotliwo\u015b\u0107 coachingu<\/li>\n<li>definiujemy cele i wsp\u00f3lnie rzetelnie pracujemy nad ich realizacj\u0105<\/li>\n<li>po ka\u017cdym spotkaniu osobie coachowanej przekazywana jest informacja zwrotna umo\u017cliwiaj\u0105ca osi\u0105gni\u0119cie dalszych post\u0119p\u00f3w<\/li>\n<\/ul>\n<p><strong>Us\u0142uga przeznaczona jest dla:<\/strong><\/p>\n<ul>\n<li>os\u00f3b, kt\u00f3re chc\u0105 prze\u0142ama\u0107 op\u00f3r w swobodnym u\u017cyciu j\u0119zyka angielskiego<\/li>\n<li>os\u00f3b, kt\u00f3rzy lubi\u0105 i chc\u0105 realizowa\u0107 cele<\/li>\n<li>os\u00f3b, kt\u00f3re potrzebuj\u0105 wsparcia osoby potrafi\u0105cej pracowa\u0107 nad motywacj\u0105, pewno\u015bci\u0105 siebie i zaanga\u017cowaniem<\/li>\n<\/ul>\n","protected":false},"featured_media":5265,"template":"","meta":[],"product_brand":[],"product_cat":[105],"product_tag":[],"class_list":{"0":"post-5262","1":"product","2":"type-product","3":"status-publish","4":"has-post-thumbnail","6":"product_cat-mentoring","8":"first","9":"instock","10":"virtual","11":"purchasable","12":"product-type-simple"},"_links":{"self":[{"href":"https:\/\/www.couchenglish.pl\/pl\/wp-json\/wp\/v2\/product\/5262","targetHints":{"allow":["GET"]}}],"collection":[{"href":"https:\/\/www.couchenglish.pl\/pl\/wp-json\/wp\/v2\/product"}],"about":[{"href":"https:\/\/www.couchenglish.pl\/pl\/wp-json\/wp\/v2\/types\/product"}],"version-history":[{"count":3,"href":"https:\/\/www.couchenglish.pl\/pl\/wp-json\/wp\/v2\/product\/5262\/revisions"}],"predecessor-version":[{"id":5529,"href":"https:\/\/www.couchenglish.pl\/pl\/wp-json\/wp\/v2\/product\/5262\/revisions\/5529"}],"wp:featuredmedia":[{"embeddable":true,"href":"https:\/\/www.couchenglish.pl\/pl\/wp-json\/wp\/v2\/media\/5265"}],"wp:attachment":[{"href":"https:\/\/www.couchenglish.pl\/pl\/wp-json\/wp\/v2\/media?parent=5262"}],"wp:term":[{"taxonomy":"product_brand","embeddable":true,"href":"https:\/\/www.couchenglish.pl\/pl\/wp-json\/wp\/v2\/product_brand?post=5262"},{"taxonomy":"product_cat","embeddable":true,"href":"https:\/\/www.couchenglish.pl\/pl\/wp-json\/wp\/v2\/product_cat?post=5262"},{"taxonomy":"product_tag","embeddable":true,"href":"https:\/\/www.couchenglish.pl\/pl\/wp-json\/wp\/v2\/product_tag?post=5262"}],"curies":[{"name":"wp","href":"https:\/\/api.w.org\/{rel}","templated":true}]}}