{"id":5276,"date":"2023-04-24T14:19:22","date_gmt":"2023-04-24T12:19:22","guid":{"rendered":"https:\/\/www.couchenglish.pl\/?post_type=product&#038;p=5276"},"modified":"2023-09-12T22:59:47","modified_gmt":"2023-09-12T20:59:47","slug":"general-english-booster-kopia","status":"publish","type":"product","link":"https:\/\/www.couchenglish.pl\/pl\/produkt\/general-english-booster-kopia\/","title":{"rendered":"Polskie prawo pracy \u2013 szkolenie dla zagranicznych menad\u017cer\u00f3w"},"content":{"rendered":"\t\t<div data-elementor-type=\"wp-post\" data-elementor-id=\"5276\" class=\"elementor elementor-5276\">\n\t\t\t\t\t\t<section class=\"elementor-section elementor-top-section elementor-element elementor-element-377d339 elementor-section-full_width elementor-section-height-default elementor-section-height-default\" data-id=\"377d339\" data-element_type=\"section\" data-e-type=\"section\">\n\t\t\t\t\t\t<div class=\"elementor-container elementor-column-gap-default\">\n\t\t\t\t\t<div class=\"elementor-column elementor-col-100 elementor-top-column elementor-element elementor-element-023594d\" data-id=\"023594d\" data-element_type=\"column\" data-e-type=\"column\">\n\t\t\t<div class=\"elementor-widget-wrap elementor-element-populated\">\n\t\t\t\t\t\t<div class=\"elementor-element elementor-element-68eae2b elementor-widget elementor-widget-shortcode\" data-id=\"68eae2b\" data-element_type=\"widget\" data-e-type=\"widget\" data-widget_type=\"shortcode.default\">\n\t\t\t\t<div class=\"elementor-widget-container\">\n\t\t\t\t\t\t\t<div class=\"elementor-shortcode\">\n<table id=\"tablepress-52\" class=\"tablepress tablepress-id-52 tbody-has-connected-cells\">\n<tbody>\n<tr class=\"row-1\">\n\t<td class=\"column-1\">Nr bloku<\/td><td class=\"column-2\">Temat<\/td><td class=\"column-3\">Zakres tematyczny<\/td>\n<\/tr>\n<tr class=\"row-2\">\n\t<td rowspan=\"4\" class=\"column-1\">Blok 1        <\/td><td rowspan=\"4\" class=\"column-2\">Polityka zatrudniania<\/td><td class=\"column-3\">Dokumentacja zwi\u0105zana z zatrudnieniem \u2013 obowi\u0105zki menad\u017cera<br \/>\n<\/td>\n<\/tr>\n<tr class=\"row-3\">\n\t<td class=\"column-3\">Rodzaje um\u00f3w o prac\u0119 oraz um\u00f3w cywilnych<br \/>\n<\/td>\n<\/tr>\n<tr class=\"row-4\">\n\t<td class=\"column-3\">Konstrukcja i zakres um\u00f3w o prac\u0119<br \/>\n<\/td>\n<\/tr>\n<tr class=\"row-5\">\n\t<td class=\"column-3\">Zasady zmian warunk\u00f3w wsp\u00f3\u0142pracy i przed\u0142u\u017cania um\u00f3w<br \/>\n<\/td>\n<\/tr>\n<tr class=\"row-6\">\n\t<td rowspan=\"4\" class=\"column-1\">Blok 2<\/td><td rowspan=\"4\" class=\"column-2\">Zarz\u0105dzanie czasem pracy<br \/>\n<br \/>\n<\/td><td class=\"column-3\">Systemy czasu pracy<br \/>\n<\/td>\n<\/tr>\n<tr class=\"row-7\">\n\t<td class=\"column-3\">Czas pracy \u2013 rejestracja, raportowanie, zmiany w przepisach w zakresie czasu pracy<br \/>\n<\/td>\n<\/tr>\n<tr class=\"row-8\">\n\t<td class=\"column-3\">Praca zdalna \u2013 ostatnie zmiany<br \/>\n<\/td>\n<\/tr>\n<tr class=\"row-9\">\n\t<td class=\"column-3\">Zarz\u0105dzanie nadgodzinami<br \/>\n<\/td>\n<\/tr>\n<tr class=\"row-10\">\n\t<td rowspan=\"4\" class=\"column-1\">Blok 3<\/td><td rowspan=\"4\" class=\"column-2\">Zarz\u0105dzanie nieobecno\u015bciami<\/td><td class=\"column-3\">Rodzaje urlop\u00f3w w polskim prawie<br \/>\n<\/td>\n<\/tr>\n<tr class=\"row-11\">\n\t<td class=\"column-3\">Obowi\u0105zki pracownika i pracodawcy w zakresie zarz\u0105dzania nieobecno\u015bciami<br \/>\n<\/td>\n<\/tr>\n<tr class=\"row-12\">\n\t<td class=\"column-3\">Zwolnienia lekarskie<br \/>\n<\/td>\n<\/tr>\n<tr class=\"row-13\">\n\t<td class=\"column-3\">Uprawnienia zwi\u0105zane z macierzy\u0144stwem<br \/>\n<\/td>\n<\/tr>\n<tr class=\"row-14\">\n\t<td rowspan=\"4\" class=\"column-1\">Blok 4<br \/>\n<br \/>\n<\/td><td rowspan=\"4\" class=\"column-2\">Rozwi\u0105zywanie um\u00f3w<br \/>\n<br \/>\n<\/td><td class=\"column-3\">Sposoby rozwi\u0105zywania um\u00f3w o prac\u0119 \u2013 na wniosek pracodawcy i pracownika<br \/>\n<\/td>\n<\/tr>\n<tr class=\"row-15\">\n\t<td class=\"column-3\">Uprawnienia i obowi\u0105zki pracownik\u00f3w rozwi\u0105zuj\u0105cych stosunek pracy<br \/>\n<\/td>\n<\/tr>\n<tr class=\"row-16\">\n\t<td class=\"column-3\">Uprawnienia i obowi\u0105zki menad\u017cera i dzia\u0142u HR, zwi\u0105zane z rozwi\u0105zywaniem um\u00f3w<br \/>\n<\/td>\n<\/tr>\n<tr class=\"row-17\">\n\t<td class=\"column-3\">Kluczowe aspekty prawne zwi\u0105zane z rozwi\u0105zywaniem um\u00f3w i ryzyka dotycz\u0105ce wadliwego wypowiedzenia umowy<br \/>\n<\/td>\n<\/tr>\n<\/tbody>\n<\/table>\n<!-- #tablepress-52 from cache --><\/div>\n\t\t\t\t\t\t<\/div>\n\t\t\t\t<\/div>\n\t\t\t\t\t<\/div>\n\t\t<\/div>\n\t\t\t\t\t<\/div>\n\t\t<\/section>\n\t\t\t\t<\/div>\n\t\t","protected":false},"excerpt":{"rendered":"<p>Czas trwania: 2 dni, miejsce: szkolenie online (zoom).<br \/>\nW celu uzyskania informacji na temat terminu szkolenia, prosimy o kontakt.<\/p>\n<h5>CELE SZKOLENIA:<\/h5>\n<ul>\n<li>Poznanie kluczowych polskich przepis\u00f3w z zakresu prawa pracy<\/li>\n<li>Poznanie najlepszych praktyk, interpretacji z zakresu zatrudnienia, um\u00f3w o prac\u0119, zmian warunk\u00f3w pracy, wypowiedze\u0144<\/li>\n<li>Rozpoznanie r\u00f3\u017cnic i podobie\u0144stw pomi\u0119dzy polskim prawem pracy, a standardami zagranicznymi<\/li>\n<li>Pog\u0142\u0119bienie \u015bwiadomo\u015bci w zakresie typowych pyta\u0144 z zakresu prawa pracy, problem\u00f3w pracownik\u00f3w, z kt\u00f3rymi zwracaj\u0105 si\u0119 oni do swoich menad\u017cer\u00f3w, jak r\u00f3wnie poznanie odpowiedzi na typowe i nietypowe problemy pracownik\u00f3w<\/li>\n<\/ul>\n<h5>KORZY\u015aCI P\u0141YN\u0104CE Z UDZIA\u0141U W SZKOLENIU:<\/h5>\n<ul>\n<li>Pozyskanie wiedzy z zakresu polskiego praw pracy j\u0119zykiem praktyki, a nie skomplikowanych przepis\u00f3w i kodeks\u00f3w<\/li>\n<li>Zrozumienie specyfiki polskiego prawa pracy na bazie najlepszych praktyk, interpretacji prawa pracy i orzecze\u0144 s\u0105d\u00f3w<\/li>\n<li>Zwi\u0119kszenie \u015bwiadomo\u015bci w zakresie kluczowych r\u00f3\u017cnic pomi\u0119dzy polskim prawem pracy, zwyczajami i standardami, a prawem i standardami zagranicznymi<\/li>\n<li>Zwi\u0119kszenie komfortu w komunikacji z pracownikami, dzi\u0119ki poznaniu typowych i nietypowych pyta\u0144 pracownik\u00f3w, i umiej\u0119tno\u015bci odpowiadania na pytania i problemy pracownik\u00f3w, z uwzgl\u0119dnieniem zabezpieczenia strony pracodawcy<\/li>\n<\/ul>\n<h5>DLA KOGO JEST SZKOLENIE?<\/h5>\n<ul>\n<li>Dla menad\u017cer\u00f3w zagranicznych pracuj\u0105cych z polskim zespo\u0142em<\/li>\n<li>Dla prezes\u00f3w, dyrektor\u00f3w, dzia\u0142\u00f3w HR z zagranicznych unit\u00f3w, chc\u0105cych pozna\u0107 polskie prawo pracy<\/li>\n<\/ul>\n","protected":false},"featured_media":5280,"template":"","meta":[],"product_brand":[],"product_cat":[101],"product_tag":[],"class_list":{"0":"post-5276","1":"product","2":"type-product","3":"status-publish","4":"has-post-thumbnail","6":"product_cat-szkolenia","8":"first","9":"instock","10":"shipping-taxable","11":"purchasable","12":"product-type-simple"},"_links":{"self":[{"href":"https:\/\/www.couchenglish.pl\/pl\/wp-json\/wp\/v2\/product\/5276","targetHints":{"allow":["GET"]}}],"collection":[{"href":"https:\/\/www.couchenglish.pl\/pl\/wp-json\/wp\/v2\/product"}],"about":[{"href":"https:\/\/www.couchenglish.pl\/pl\/wp-json\/wp\/v2\/types\/product"}],"version-history":[{"count":9,"href":"https:\/\/www.couchenglish.pl\/pl\/wp-json\/wp\/v2\/product\/5276\/revisions"}],"predecessor-version":[{"id":5623,"href":"https:\/\/www.couchenglish.pl\/pl\/wp-json\/wp\/v2\/product\/5276\/revisions\/5623"}],"wp:featuredmedia":[{"embeddable":true,"href":"https:\/\/www.couchenglish.pl\/pl\/wp-json\/wp\/v2\/media\/5280"}],"wp:attachment":[{"href":"https:\/\/www.couchenglish.pl\/pl\/wp-json\/wp\/v2\/media?parent=5276"}],"wp:term":[{"taxonomy":"product_brand","embeddable":true,"href":"https:\/\/www.couchenglish.pl\/pl\/wp-json\/wp\/v2\/product_brand?post=5276"},{"taxonomy":"product_cat","embeddable":true,"href":"https:\/\/www.couchenglish.pl\/pl\/wp-json\/wp\/v2\/product_cat?post=5276"},{"taxonomy":"product_tag","embeddable":true,"href":"https:\/\/www.couchenglish.pl\/pl\/wp-json\/wp\/v2\/product_tag?post=5276"}],"curies":[{"name":"wp","href":"https:\/\/api.w.org\/{rel}","templated":true}]}}