{"id":5544,"date":"2023-08-30T17:35:18","date_gmt":"2023-08-30T15:35:18","guid":{"rendered":"https:\/\/www.couchenglish.pl\/?post_type=product&#038;p=5544"},"modified":"2023-09-12T22:44:52","modified_gmt":"2023-09-12T20:44:52","slug":"przygotowanie-cv-w-jezyku-polskim-lub-angielskim","status":"publish","type":"product","link":"https:\/\/www.couchenglish.pl\/pl\/produkt\/przygotowanie-cv-w-jezyku-polskim-lub-angielskim\/","title":{"rendered":"Przygotowanie CV w j\u0119zyku polskim lub angielskim"},"content":{"rendered":"","protected":false},"excerpt":{"rendered":"<p>Je\u017celi potrzebujesz wsparcia w przygotowaniu, korekcie lub merytorycznej ocenie swojego <strong>CV<\/strong>, nasi eksperci oferuj\u0105 opracowanie CV w j\u0119zyku polskim lub angielskim:<\/p>\n<p>&nbsp;<\/p>\n<p><strong>OPCJA A:<br \/>\nOd podstaw &#8211; merytorycznie i graficznie<\/strong><\/p>\n<p>Przygotowanie CV obejmuje:<\/p>\n<ul>\n<li>60 \u2013 minutowe Konsultacje z ekspertem HR, kt\u00f3ry porozmawia z Tob\u0105 na temat Twojego do\u015bwiadczenia, mocnych stron, osi\u0105gni\u0119\u0107, kompetencji; jak i obszar\u00f3w i stanowisk, gdzie b\u0119dziesz szuka\u0107 pracy. Konsultacje umo\u017cliwi\u0105 ekspertowi stworzenie CV szytego na miar\u0119, jak i opracowanie w CV profilu zawodowego podkre\u015blaj\u0105cego Twoje do\u015bwiadczenie i cechy wyr\u00f3\u017cniaj\u0105ce si\u0119 na rynku.<\/li>\n<li>Opracowanie i om\u00f3wienie zakresu nowego CV<\/li>\n<\/ul>\n<p>Koszt opcji A to 246 PLN brutto za spotkanie oraz 246 PLN brutto za przygotowanie CV (do dw\u00f3ch stron + 123 PLN brutto za ka\u017cd\u0105, dodatkow\u0105 stron\u0119).<\/p>\n<p>&nbsp;<\/p>\n<p><strong>OPCJA B:<br \/>\nKorekt\u0119 Twojego CV wraz z merytorycznymi wskaz\u00f3wkami, korektami, dzi\u0119ki kt\u00f3rym Twoje CV b\u0119dzie spe\u0142nia\u0142o kryteria obecnych wymog\u00f3w rekrutacyjnych, w tym sztucznej inteligencji.<\/strong><\/p>\n<p>Przygotowanie CV obejmuje:<\/p>\n<ul>\n<li>60 \u2013 minutowe Konsultacje z ekspertem HR, kt\u00f3ry porozmawia z Tob\u0105 na temat Twojego do\u015bwiadczenia, mocnych stron, osi\u0105gni\u0119\u0107, kompetencji; jak i obszar\u00f3w i stanowisk, gdzie b\u0119dziesz szuka\u0107 pracy. Konsultacje umo\u017cliwi\u0105 ekspertowi stworzenie CV szytego na miar\u0119, jak i opracowanie w CV profilu zawodowego podkre\u015blaj\u0105cego Twoje do\u015bwiadczenie i cechy wyr\u00f3\u017cniaj\u0105ce si\u0119 na rynku<\/li>\n<li>Korekt\u0119 pod k\u0105tem merytorycznym CV, i om\u00f3wienie zakresu nowego CV<\/li>\n<\/ul>\n<p>Koszt opcji B to 246 PLN brutto za spotkanie oraz 184,5 PLN brutto za przygotowanie CV (do dw\u00f3ch stron + 123 PLN brutto za ka\u017cd\u0105, dodatkow\u0105 stron\u0119).<\/p>\n<p>&nbsp;<\/p>\n<p><strong>OPCJA C:<br \/>\nT\u0142umaczenie CV z j\u0119zyka polskiego na angielski<\/strong><\/p>\n<p>Koszt opcji C to 184,5 PLN brutto (do dw\u00f3ch stron + 123 PLN brutto za ka\u017cd\u0105, dodatkow\u0105 stron\u0119).<\/p>\n<p>&nbsp;<\/p>\n","protected":false},"featured_media":5545,"template":"","meta":[],"product_brand":[],"product_cat":[105],"product_tag":[],"class_list":{"0":"post-5544","1":"product","2":"type-product","3":"status-publish","4":"has-post-thumbnail","6":"product_cat-mentoring","8":"first","9":"instock","10":"virtual","11":"purchasable","12":"product-type-simple"},"_links":{"self":[{"href":"https:\/\/www.couchenglish.pl\/pl\/wp-json\/wp\/v2\/product\/5544","targetHints":{"allow":["GET"]}}],"collection":[{"href":"https:\/\/www.couchenglish.pl\/pl\/wp-json\/wp\/v2\/product"}],"about":[{"href":"https:\/\/www.couchenglish.pl\/pl\/wp-json\/wp\/v2\/types\/product"}],"version-history":[{"count":5,"href":"https:\/\/www.couchenglish.pl\/pl\/wp-json\/wp\/v2\/product\/5544\/revisions"}],"predecessor-version":[{"id":5622,"href":"https:\/\/www.couchenglish.pl\/pl\/wp-json\/wp\/v2\/product\/5544\/revisions\/5622"}],"wp:featuredmedia":[{"embeddable":true,"href":"https:\/\/www.couchenglish.pl\/pl\/wp-json\/wp\/v2\/media\/5545"}],"wp:attachment":[{"href":"https:\/\/www.couchenglish.pl\/pl\/wp-json\/wp\/v2\/media?parent=5544"}],"wp:term":[{"taxonomy":"product_brand","embeddable":true,"href":"https:\/\/www.couchenglish.pl\/pl\/wp-json\/wp\/v2\/product_brand?post=5544"},{"taxonomy":"product_cat","embeddable":true,"href":"https:\/\/www.couchenglish.pl\/pl\/wp-json\/wp\/v2\/product_cat?post=5544"},{"taxonomy":"product_tag","embeddable":true,"href":"https:\/\/www.couchenglish.pl\/pl\/wp-json\/wp\/v2\/product_tag?post=5544"}],"curies":[{"name":"wp","href":"https:\/\/api.w.org\/{rel}","templated":true}]}}