{"id":600,"date":"2023-10-31T18:40:01","date_gmt":"2023-10-31T17:40:01","guid":{"rendered":"https:\/\/www.couchenglish.pl\/?post_type=product&#038;p=600"},"modified":"2025-08-03T18:57:40","modified_gmt":"2025-08-03T16:57:40","slug":"english-for-administation","status":"publish","type":"product","link":"https:\/\/www.couchenglish.pl\/pl\/produkt\/english-for-administation\/","title":{"rendered":"English for Administation"},"content":{"rendered":"\t\t<div data-elementor-type=\"wp-post\" data-elementor-id=\"600\" class=\"elementor elementor-600\">\n\t\t\t\t\t\t<section class=\"elementor-section elementor-top-section elementor-element elementor-element-377d339 elementor-section-full_width elementor-section-height-default elementor-section-height-default\" data-id=\"377d339\" data-element_type=\"section\" data-e-type=\"section\">\n\t\t\t\t\t\t<div class=\"elementor-container elementor-column-gap-default\">\n\t\t\t\t\t<div class=\"elementor-column elementor-col-100 elementor-top-column elementor-element elementor-element-023594d\" data-id=\"023594d\" data-element_type=\"column\" data-e-type=\"column\">\n\t\t\t<div class=\"elementor-widget-wrap elementor-element-populated\">\n\t\t\t\t\t\t<div class=\"elementor-element elementor-element-68eae2b elementor-widget elementor-widget-shortcode\" data-id=\"68eae2b\" data-element_type=\"widget\" data-e-type=\"widget\" data-widget_type=\"shortcode.default\">\n\t\t\t\t<div class=\"elementor-widget-container\">\n\t\t\t\t\t\t\t<div class=\"elementor-shortcode\">\n<table id=\"tablepress-14\" class=\"tablepress tablepress-id-14 tbody-has-connected-cells\">\n<tbody>\n<tr class=\"row-1\">\n\t<td class=\"column-1\">Temat<\/td><td class=\"column-2\">Czas trwania<\/td><td class=\"column-3\">Zakres tematyczny<\/td>\n<\/tr>\n<tr class=\"row-2\">\n\t<td rowspan=\"3\" class=\"column-1\">Obs\u0142uga telefon\u00f3w<\/td><td rowspan=\"3\" class=\"column-2\">2 h<\/td><td class=\"column-3\">Autoprezentacja<\/td>\n<\/tr>\n<tr class=\"row-3\">\n\t<td class=\"column-3\">Zwroty grzeczno\u015bciowe<\/td>\n<\/tr>\n<tr class=\"row-4\">\n\t<td class=\"column-3\">Procedura obs\u0142ugi po\u0142\u0105cze\u0144, w tym filtrowanie rozm\u00f3w<\/td>\n<\/tr>\n<tr class=\"row-5\">\n\t<td rowspan=\"3\" class=\"column-1\">Obs\u0142uga go\u015bci<\/td><td rowspan=\"3\" class=\"column-2\">2 h<\/td><td class=\"column-3\">Etykieta biznesowa<\/td>\n<\/tr>\n<tr class=\"row-6\">\n\t<td class=\"column-3\">Komunikacja biznesowa, w tym metody prowadzenia rozmowy z r\u00f3\u017cnymi typami interesant\u00f3w<\/td>\n<\/tr>\n<tr class=\"row-7\">\n\t<td class=\"column-3\">Komunikacja z klientem zagranicznym - podstawowe r\u00f3\u017cnice kulturowe<\/td>\n<\/tr>\n<tr class=\"row-8\">\n\t<td rowspan=\"3\" class=\"column-1\">Prezentacje biznesowe<\/td><td rowspan=\"3\" class=\"column-2\">2 h<\/td><td class=\"column-3\">Typowe struktury u\u017cywane w prezentacjach (PP, Prezi)<\/td>\n<\/tr>\n<tr class=\"row-9\">\n\t<td class=\"column-3\">Prowadzenie prezentacji biznesowych<\/td>\n<\/tr>\n<tr class=\"row-10\">\n\t<td class=\"column-3\">Prezentacja firmy<\/td>\n<\/tr>\n<tr class=\"row-11\">\n\t<td rowspan=\"3\" class=\"column-1\">Organizacja podr\u00f3\u017cy s\u0142u\u017cbowych<\/td><td rowspan=\"3\" class=\"column-2\">2 h<\/td><td class=\"column-3\">Rozmowy z dostawcami us\u0142ug<\/td>\n<\/tr>\n<tr class=\"row-12\">\n\t<td class=\"column-3\">Organizacja podr\u00f3\u017cy s\u0142u\u017cbowych<\/td>\n<\/tr>\n<tr class=\"row-13\">\n\t<td class=\"column-3\">Trudne sytuacje w trakcie podr\u00f3\u017cy s\u0142u\u017cbowych<\/td>\n<\/tr>\n<tr class=\"row-14\">\n\t<td rowspan=\"3\" class=\"column-1\">Obs\u0142uga spotka\u0144<\/td><td rowspan=\"3\" class=\"column-2\">2 h<\/td><td class=\"column-3\">Umawianie, potwierdzanie, odwo\u0142ywanie spotka\u0144<\/td>\n<\/tr>\n<tr class=\"row-15\">\n\t<td class=\"column-3\">Pozyskiwanie informacji, zadawanie pyta\u0144<\/td>\n<\/tr>\n<tr class=\"row-16\">\n\t<td class=\"column-3\">Reagowanie w trudnych sytuacjach<\/td>\n<\/tr>\n<tr class=\"row-17\">\n\t<td rowspan=\"3\" class=\"column-1\">Obieg dokument\u00f3w<\/td><td rowspan=\"3\" class=\"column-2\">2h<\/td><td class=\"column-3\">Struktura organizacyjna firmy<\/td>\n<\/tr>\n<tr class=\"row-18\">\n\t<td class=\"column-3\">Przyjmowanie  i przekazywanie informacji<\/td>\n<\/tr>\n<tr class=\"row-19\">\n\t<td class=\"column-3\">Proces obiegu dokument\u00f3w<\/td>\n<\/tr>\n<\/tbody>\n<\/table>\n<!-- #tablepress-14 from cache --><\/div>\n\t\t\t\t\t\t<\/div>\n\t\t\t\t<\/div>\n\t\t\t\t\t<\/div>\n\t\t<\/div>\n\t\t\t\t\t<\/div>\n\t\t<\/section>\n\t\t\t\t<\/div>\n\t\t","protected":false},"excerpt":{"rendered":"<p>Trwaj\u0105cy 3 miesi\u0105ce kurs online, przeznaczony dla specjalist\u00f3w do spraw administracji oraz os\u00f3b, pe\u0142ni\u0105cych stanowiska sekretarskie i asystenckie. Celem kursu jest nabycie swobody komunikacji i opanowanie s\u0142ownictwa u\u017cywanego w administracji, a tak\u017ce poszerzenie wiedzy biznesowej w tym obszarze. Zaj\u0119cia odbywaj\u0105 si\u0119 w formie szkolenia i \u0142\u0105cz\u0105 cz\u0119\u015b\u0107 teoretyczn\u0105 z \u0107wiczeniow\u0105, dyskusj\u0105 oraz przyk\u0142adowymi symulacjami. Istnieje mo\u017cliwo\u015b\u0107 rozszerzenia kursu o indywidualne konsultacje, uwzgl\u0119dniaj\u0105ce ocen\u0119 kompetencji j\u0119zykowych oraz stworzenie indywidualnej matrycy kompetencji.<\/p>\n<p>Kurs jest prowadzony w ma\u0142ych grupach w celu zapewnienia mo\u017cliwo\u015bci swobodnej konwersacji i praktyki w u\u017cyciu j\u0119zyka (grupy do 5 os\u00f3b).<\/p>\n<p>Ka\u017cdy uczestnik otrzymuje materia\u0142y obejmuj\u0105ce tre\u015bci przekazywane w trakcie kursu:<\/p>\n<ul>\n<li>Prezentacja w formacie ppt, zawieraj\u0105ca opis wybranego zagadnienia<\/li>\n<li>Lista s\u0142\u00f3wek z danego tematu, z przyk\u0142adami zastosowa\u0144<\/li>\n<li>\u0106wiczenia umo\u017cliwiaj\u0105ce utrwalenie wiedzy z danego zagadnienia<\/li>\n<li>Certyfikat w j\u0119zyku polskim i angielskim<\/li>\n<\/ul>\n<p>Poziom kursu: B1; B2<br \/>\nGdzie: Online (zoom)<br \/>\nKiedy: Kurs trwa 3 miesi\u0105ce &#8211; 4 spotkania po 60 minut, w ka\u017cdym miesi\u0105cu.<\/p>\n","protected":false},"featured_media":601,"template":"","meta":[],"product_brand":[],"product_cat":[23],"product_tag":[],"class_list":{"0":"post-600","1":"product","2":"type-product","3":"status-publish","4":"has-post-thumbnail","6":"product_cat-kursy-specjalistyczne","8":"first","9":"instock","10":"virtual","11":"purchasable","12":"product-type-simple"},"_links":{"self":[{"href":"https:\/\/www.couchenglish.pl\/pl\/wp-json\/wp\/v2\/product\/600","targetHints":{"allow":["GET"]}}],"collection":[{"href":"https:\/\/www.couchenglish.pl\/pl\/wp-json\/wp\/v2\/product"}],"about":[{"href":"https:\/\/www.couchenglish.pl\/pl\/wp-json\/wp\/v2\/types\/product"}],"version-history":[{"count":10,"href":"https:\/\/www.couchenglish.pl\/pl\/wp-json\/wp\/v2\/product\/600\/revisions"}],"predecessor-version":[{"id":5511,"href":"https:\/\/www.couchenglish.pl\/pl\/wp-json\/wp\/v2\/product\/600\/revisions\/5511"}],"wp:featuredmedia":[{"embeddable":true,"href":"https:\/\/www.couchenglish.pl\/pl\/wp-json\/wp\/v2\/media\/601"}],"wp:attachment":[{"href":"https:\/\/www.couchenglish.pl\/pl\/wp-json\/wp\/v2\/media?parent=600"}],"wp:term":[{"taxonomy":"product_brand","embeddable":true,"href":"https:\/\/www.couchenglish.pl\/pl\/wp-json\/wp\/v2\/product_brand?post=600"},{"taxonomy":"product_cat","embeddable":true,"href":"https:\/\/www.couchenglish.pl\/pl\/wp-json\/wp\/v2\/product_cat?post=600"},{"taxonomy":"product_tag","embeddable":true,"href":"https:\/\/www.couchenglish.pl\/pl\/wp-json\/wp\/v2\/product_tag?post=600"}],"curies":[{"name":"wp","href":"https:\/\/api.w.org\/{rel}","templated":true}]}}