{"id":613,"date":"2023-11-20T18:55:22","date_gmt":"2023-11-20T17:55:22","guid":{"rendered":"https:\/\/www.couchenglish.pl\/?post_type=product&#038;p=613"},"modified":"2025-08-03T18:51:27","modified_gmt":"2025-08-03T16:51:27","slug":"english-for-managers","status":"publish","type":"product","link":"https:\/\/www.couchenglish.pl\/pl\/produkt\/english-for-managers\/","title":{"rendered":"English for Managers"},"content":{"rendered":"\t\t<div data-elementor-type=\"wp-post\" data-elementor-id=\"613\" class=\"elementor elementor-613\">\n\t\t\t\t\t\t<section class=\"elementor-section elementor-top-section elementor-element elementor-element-377d339 elementor-section-full_width elementor-section-height-default elementor-section-height-default\" data-id=\"377d339\" data-element_type=\"section\" data-e-type=\"section\">\n\t\t\t\t\t\t<div class=\"elementor-container elementor-column-gap-default\">\n\t\t\t\t\t<div class=\"elementor-column elementor-col-100 elementor-top-column elementor-element elementor-element-023594d\" data-id=\"023594d\" data-element_type=\"column\" data-e-type=\"column\">\n\t\t\t<div class=\"elementor-widget-wrap elementor-element-populated\">\n\t\t\t\t\t\t<div class=\"elementor-element elementor-element-68eae2b elementor-widget elementor-widget-shortcode\" data-id=\"68eae2b\" data-element_type=\"widget\" data-e-type=\"widget\" data-widget_type=\"shortcode.default\">\n\t\t\t\t<div class=\"elementor-widget-container\">\n\t\t\t\t\t\t\t<div class=\"elementor-shortcode\">\n<table id=\"tablepress-15\" class=\"tablepress tablepress-id-15 tbody-has-connected-cells\">\n<tbody>\n<tr class=\"row-1\">\n\t<td class=\"column-1\">Temat<\/td><td class=\"column-2\">Czas trwania<\/td><td class=\"column-3\">Zakres tematyczny<\/td>\n<\/tr>\n<tr class=\"row-2\">\n\t<td rowspan=\"4\" class=\"column-1\">Struktura organizacyjna<\/td><td rowspan=\"4\" class=\"column-2\">3 h<\/td><td class=\"column-3\">Rodzaje struktur organizacyjnych<\/td>\n<\/tr>\n<tr class=\"row-3\">\n\t<td class=\"column-3\">Opisy stanowisk na podstawie kompetencji<\/td>\n<\/tr>\n<tr class=\"row-4\">\n\t<td class=\"column-3\">Funkcje i procesy w poszczeg\u00f3lnych dzia\u0142ach<\/td>\n<\/tr>\n<tr class=\"row-5\">\n\t<td class=\"column-3\">Kolory organizacji<\/td>\n<\/tr>\n<tr class=\"row-6\">\n\t<td rowspan=\"4\" class=\"column-1\">Zarz\u0105dzanie strategiczne<\/td><td rowspan=\"4\" class=\"column-2\">2 h<\/td><td class=\"column-3\">Misja, wizja, strategia<\/td>\n<\/tr>\n<tr class=\"row-7\">\n\t<td class=\"column-3\">Cele strategiczne, taktyczne i operacyjne<\/td>\n<\/tr>\n<tr class=\"row-8\">\n\t<td class=\"column-3\">SWOT vs. PEST<\/td>\n<\/tr>\n<tr class=\"row-9\">\n\t<td class=\"column-3\">Zarz\u0105dzanie przez cele (MBO, OKR)<\/td>\n<\/tr>\n<tr class=\"row-10\">\n\t<td rowspan=\"4\" class=\"column-1\">Style kierowania<\/td><td rowspan=\"4\" class=\"column-2\">3 h<\/td><td class=\"column-3\">Style kierowania - nasze naturalne wybory<\/td>\n<\/tr>\n<tr class=\"row-11\">\n\t<td class=\"column-3\">Przyw\u00f3dztwo sytuacyjne<\/td>\n<\/tr>\n<tr class=\"row-12\">\n\t<td class=\"column-3\">Dopasowanie stylu do ludzi - rozpoznawanie typu osobowo\u015bci, poziomu motywacji itp.<\/td>\n<\/tr>\n<tr class=\"row-13\">\n\t<td class=\"column-3\">Symulacje rozm\u00f3w z pracownikami dopasowane do potrzeb i motywacji<\/td>\n<\/tr>\n<tr class=\"row-14\">\n\t<td rowspan=\"4\" class=\"column-1\">Umiej\u0119tno\u015bci zarz\u0105dzania<\/td><td rowspan=\"4\" class=\"column-2\">4 h<\/td><td class=\"column-3\">Aktywne s\u0142uchanie<\/td>\n<\/tr>\n<tr class=\"row-15\">\n\t<td class=\"column-3\">Delegowanie i rozliczanie zada\u0144<\/td>\n<\/tr>\n<tr class=\"row-16\">\n\t<td class=\"column-3\">Narz\u0119dzia coachingowe w zarz\u0105dzaniu<\/td>\n<\/tr>\n<tr class=\"row-17\">\n\t<td class=\"column-3\">Udzielanie informacji zwrotnej<\/td>\n<\/tr>\n<tr class=\"row-18\">\n\t<td rowspan=\"3\" class=\"column-1\">Zarz\u0105dzanie zmian\u0105<\/td><td rowspan=\"3\" class=\"column-2\">2 h<\/td><td class=\"column-3\">8 etap\u00f3w zarz\u0105dzania zmian\u0105 Kottera w praktyce<\/td>\n<\/tr>\n<tr class=\"row-19\">\n\t<td class=\"column-3\">Zarz\u0105dzanie lud\u017ami w zmianie<\/td>\n<\/tr>\n<tr class=\"row-20\">\n\t<td class=\"column-3\">Rola lidera na poszczeg\u00f3lnych etapach zmiany<\/td>\n<\/tr>\n<tr class=\"row-21\">\n\t<td rowspan=\"3\" class=\"column-1\">Zarz\u0105dzanie konfliktem<\/td><td rowspan=\"3\" class=\"column-2\">2 h<\/td><td class=\"column-3\">Konflikt - konstruktywny lub destrukcyjny<\/td>\n<\/tr>\n<tr class=\"row-22\">\n\t<td class=\"column-3\">Kr\u0105g konfliktu Moore'a<\/td>\n<\/tr>\n<tr class=\"row-23\">\n\t<td class=\"column-3\">Strategie zarz\u0105dzania konfliktami<\/td>\n<\/tr>\n<tr class=\"row-24\">\n\t<td rowspan=\"3\" class=\"column-1\">Komunikacja szyta na miar\u0119<\/td><td rowspan=\"3\" class=\"column-2\">2h<\/td><td class=\"column-3\">Typy osobowo\u015bci - cechy, zachowania. Jak rozpozna\u0107 poszczeg\u00f3lne typy?<\/td>\n<\/tr>\n<tr class=\"row-25\">\n\t<td class=\"column-3\">Jak dostosowa\u0107 przekaz do odbiorcy?<\/td>\n<\/tr>\n<tr class=\"row-26\">\n\t<td class=\"column-3\">Symulacje rozm\u00f3w z pracownikami dopasowane do typu osobowo\u015bci<\/td>\n<\/tr>\n<\/tbody>\n<\/table>\n<!-- #tablepress-15 from cache --><\/div>\n\t\t\t\t\t\t<\/div>\n\t\t\t\t<\/div>\n\t\t\t\t\t<\/div>\n\t\t<\/div>\n\t\t\t\t\t<\/div>\n\t\t<\/section>\n\t\t\t\t<\/div>\n\t\t","protected":false},"excerpt":{"rendered":"<p>Trwaj\u0105cy 4 miesi\u0105ce kurs online, dedykowany managerom chc\u0105cym poszerzy\u0107 swoje umiej\u0119tno\u015bci j\u0119zykowe i typowe s\u0142ownictwo angielskie, u\u017cywane w praktyce w zarz\u0105dzaniu zespo\u0142em. Kurs umo\u017cliwia r\u00f3wnie\u017c rozwini\u0119cie umiej\u0119tno\u015bci zarz\u0105dzania zespo\u0142em dzi\u0119ki praktycznym symulacjom i technikom stosowanym przez lider\u00f3w. Celem kursu jest poszerzenie wiedzy z zakresu g\u0142\u00f3wnych dziedzin biznesu oraz pog\u0142\u0119bienie wiedzy w ramach s\u0142ownictwa u\u017cywanego w praktyce w korporacjach stosuj\u0105cych j\u0119zyk angielski. W trakcie kursu nab\u0119dziesz umiej\u0119tno\u015bci swobodnej komunikacji i zarz\u0105dzania zespo\u0142em, pracuj\u0105c na praktycznych symulacjach. Zaj\u0119cia odbywaj\u0105 si\u0119 w formie szkolenia i \u0142\u0105cz\u0105 cz\u0119\u015b\u0107 teoretyczn\u0105 z praktyczn\u0105 (praktyczne symulacje), dyskusj\u0105 oraz zadaniami do rozwi\u0105zania. Istnieje mo\u017cliwo\u015b\u0107 rozszerzenia kursu o indywidualne konsultacje, uwzgl\u0119dniaj\u0105ce poszerzenie umiej\u0119tno\u015bci j\u0119zykowych w wybranym zakresie.<\/p>\n<p>Kurs jest prowadzony w ma\u0142ych grupach w celu zapewnienia mo\u017cliwo\u015bci swobodnej konwersacji i praktyki w u\u017cyciu j\u0119zyka (grupy do 4 os\u00f3b).<\/p>\n<p>Ka\u017cdy uczestnik otrzymuje materia\u0142y obejmuj\u0105ce tre\u015bci przekazywane w trakcie kursu:<\/p>\n<ul>\n<li>Prezentacja<\/li>\n<li>Lista s\u0142\u00f3wek z danego tematu, z przyk\u0142adami zastosowa\u0144<\/li>\n<li>\u0106wiczenia \/ case study umo\u017cliwiaj\u0105ce utrwalenie wiedzy z danego zagadnienia<\/li>\n<li>Certyfikat w j\u0119zyku polskim i angielskim<\/li>\n<\/ul>\n<p>Poziom kursu: B1; B2<br \/>\nGdzie: Online (zoom)<br \/>\nKiedy: Kurs trwa 4 miesi\u0105ce &#8211; 4 spotkania po 60 minut, w ka\u017cdym miesi\u0105cu.<\/p>\n","protected":false},"featured_media":614,"template":"","meta":[],"product_brand":[],"product_cat":[23],"product_tag":[],"class_list":{"0":"post-613","1":"product","2":"type-product","3":"status-publish","4":"has-post-thumbnail","6":"product_cat-kursy-specjalistyczne","8":"first","9":"instock","10":"virtual","11":"purchasable","12":"product-type-simple"},"_links":{"self":[{"href":"https:\/\/www.couchenglish.pl\/pl\/wp-json\/wp\/v2\/product\/613","targetHints":{"allow":["GET"]}}],"collection":[{"href":"https:\/\/www.couchenglish.pl\/pl\/wp-json\/wp\/v2\/product"}],"about":[{"href":"https:\/\/www.couchenglish.pl\/pl\/wp-json\/wp\/v2\/types\/product"}],"version-history":[{"count":9,"href":"https:\/\/www.couchenglish.pl\/pl\/wp-json\/wp\/v2\/product\/613\/revisions"}],"predecessor-version":[{"id":22333,"href":"https:\/\/www.couchenglish.pl\/pl\/wp-json\/wp\/v2\/product\/613\/revisions\/22333"}],"wp:featuredmedia":[{"embeddable":true,"href":"https:\/\/www.couchenglish.pl\/pl\/wp-json\/wp\/v2\/media\/614"}],"wp:attachment":[{"href":"https:\/\/www.couchenglish.pl\/pl\/wp-json\/wp\/v2\/media?parent=613"}],"wp:term":[{"taxonomy":"product_brand","embeddable":true,"href":"https:\/\/www.couchenglish.pl\/pl\/wp-json\/wp\/v2\/product_brand?post=613"},{"taxonomy":"product_cat","embeddable":true,"href":"https:\/\/www.couchenglish.pl\/pl\/wp-json\/wp\/v2\/product_cat?post=613"},{"taxonomy":"product_tag","embeddable":true,"href":"https:\/\/www.couchenglish.pl\/pl\/wp-json\/wp\/v2\/product_tag?post=613"}],"curies":[{"name":"wp","href":"https:\/\/api.w.org\/{rel}","templated":true}]}}