{"id":629,"date":"2023-11-26T08:00:21","date_gmt":"2023-11-26T07:00:21","guid":{"rendered":"https:\/\/www.couchenglish.pl\/?post_type=product&#038;p=629"},"modified":"2025-08-03T18:49:21","modified_gmt":"2025-08-03T16:49:21","slug":"english-for-trainers","status":"publish","type":"product","link":"https:\/\/www.couchenglish.pl\/pl\/produkt\/english-for-trainers\/","title":{"rendered":"English for Trainers"},"content":{"rendered":"\t\t<div data-elementor-type=\"wp-post\" data-elementor-id=\"629\" class=\"elementor elementor-629\">\n\t\t\t\t\t\t<section class=\"elementor-section elementor-top-section elementor-element elementor-element-377d339 elementor-section-full_width elementor-section-height-default elementor-section-height-default\" data-id=\"377d339\" data-element_type=\"section\" data-e-type=\"section\">\n\t\t\t\t\t\t<div class=\"elementor-container elementor-column-gap-default\">\n\t\t\t\t\t<div class=\"elementor-column elementor-col-100 elementor-top-column elementor-element elementor-element-023594d\" data-id=\"023594d\" data-element_type=\"column\" data-e-type=\"column\">\n\t\t\t<div class=\"elementor-widget-wrap elementor-element-populated\">\n\t\t\t\t\t\t<div class=\"elementor-element elementor-element-68eae2b elementor-widget elementor-widget-shortcode\" data-id=\"68eae2b\" data-element_type=\"widget\" data-e-type=\"widget\" data-widget_type=\"shortcode.default\">\n\t\t\t\t<div class=\"elementor-widget-container\">\n\t\t\t\t\t\t\t<div class=\"elementor-shortcode\">\n<table id=\"tablepress-17\" class=\"tablepress tablepress-id-17 tbody-has-connected-cells\">\n<tbody>\n<tr class=\"row-1\">\n\t<td class=\"column-1\">Temat<\/td><td class=\"column-2\">Czas trwania<\/td><td class=\"column-3\">Zakres tematyczny<\/td>\n<\/tr>\n<tr class=\"row-2\">\n\t<td rowspan=\"3\" class=\"column-1\">Kompetencje trenera<\/td><td rowspan=\"3\" class=\"column-2\">1 h<\/td><td class=\"column-3\">Kompetencje trenera<\/td>\n<\/tr>\n<tr class=\"row-3\">\n\t<td class=\"column-3\">Rola i zadania<\/td>\n<\/tr>\n<tr class=\"row-4\">\n\t<td class=\"column-3\">Budowanie autorytetu<\/td>\n<\/tr>\n<tr class=\"row-5\">\n\t<td rowspan=\"4\" class=\"column-1\">Autoprezentacja<\/td><td rowspan=\"4\" class=\"column-2\">2 h<\/td><td class=\"column-3\">Autoprezentacja trenera \ud83d\ude42<\/td>\n<\/tr>\n<tr class=\"row-6\">\n\t<td class=\"column-3\">Pr\u00f3bka \"pitch\"<\/td>\n<\/tr>\n<tr class=\"row-7\">\n\t<td class=\"column-3\">Techniki interesuj\u0105cego rozpocz\u0119cia<\/td>\n<\/tr>\n<tr class=\"row-8\">\n\t<td class=\"column-3\">Techniki interesuj\u0105cego zako\u0144czenia<\/td>\n<\/tr>\n<tr class=\"row-9\">\n\t<td rowspan=\"4\" class=\"column-1\">Intro<\/td><td rowspan=\"4\" class=\"column-2\">2 h<\/td><td class=\"column-3\">Cele szkoleniowe  i prezentacja korzy\u015bci<\/td>\n<\/tr>\n<tr class=\"row-10\">\n\t<td class=\"column-3\">Budowanie kontraktu<\/td>\n<\/tr>\n<tr class=\"row-11\">\n\t<td class=\"column-3\">Agenda<\/td>\n<\/tr>\n<tr class=\"row-12\">\n\t<td class=\"column-3\">Zebranie oczekiwa\u0144<\/td>\n<\/tr>\n<tr class=\"row-13\">\n\t<td rowspan=\"3\" class=\"column-1\">Integracja<\/td><td rowspan=\"3\" class=\"column-2\">2h<\/td><td class=\"column-3\">Small talk<\/td>\n<\/tr>\n<tr class=\"row-14\">\n\t<td class=\"column-3\">Icebreakery<\/td>\n<\/tr>\n<tr class=\"row-15\">\n\t<td class=\"column-3\">Energizery<\/td>\n<\/tr>\n<tr class=\"row-16\">\n\t<td rowspan=\"3\" class=\"column-1\">Prowadzenie dyskusji<\/td><td rowspan=\"3\" class=\"column-2\">2 h<\/td><td class=\"column-3\">Typowe zwroty u\u017cywane w prowadzeniu dyskusji<\/td>\n<\/tr>\n<tr class=\"row-17\">\n\t<td class=\"column-3\">Ustalanie zasad udzia\u0142u w dyskusji<\/td>\n<\/tr>\n<tr class=\"row-18\">\n\t<td class=\"column-3\">Dyskusja w praktyce \u2013 sample uczestnik\u00f3w<\/td>\n<\/tr>\n<tr class=\"row-19\">\n\t<td rowspan=\"4\" class=\"column-1\">Prowadzenie symulacji (scenek)<\/td><td rowspan=\"4\" class=\"column-2\">2 h<\/td><td class=\"column-3\">Jak zaprosi\u0107 uczestnik\u00f3w do symulacji<\/td>\n<\/tr>\n<tr class=\"row-20\">\n\t<td class=\"column-3\">Moderacja symulacji<\/td>\n<\/tr>\n<tr class=\"row-21\">\n\t<td class=\"column-3\">Feedback po symulacji<\/td>\n<\/tr>\n<tr class=\"row-22\">\n\t<td class=\"column-3\">Symulacje w praktyce \u2013 sample uczestnik\u00f3w<\/td>\n<\/tr>\n<tr class=\"row-23\">\n\t<td rowspan=\"4\" class=\"column-1\">Pozosta\u0142e \u0107wiczenia szkoleniowe \u2013 case study, gry itd.<\/td><td rowspan=\"4\" class=\"column-2\">2 h<\/td><td class=\"column-3\">Typowe zwroty u\u017cywane w prowadzeniu praktycznych \u0107wicze\u0144<\/td>\n<\/tr>\n<tr class=\"row-24\">\n\t<td class=\"column-3\">Moderacja \u0107wicze\u0144<\/td>\n<\/tr>\n<tr class=\"row-25\">\n\t<td class=\"column-3\">Pisanie scenariuszy gier, case study<\/td>\n<\/tr>\n<tr class=\"row-26\">\n\t<td class=\"column-3\">Gry, case study w praktyce \u2013 sample uczestnik\u00f3w<\/td>\n<\/tr>\n<tr class=\"row-27\">\n\t<td rowspan=\"3\" class=\"column-1\">Oczekiwania i ewaluacja<\/td><td rowspan=\"3\" class=\"column-2\">1 h<\/td><td class=\"column-3\">Badanie potrzeb szkoleniowych<\/td>\n<\/tr>\n<tr class=\"row-28\">\n\t<td class=\"column-3\">Wyzwania w trakcie badania potrzeb<\/td>\n<\/tr>\n<tr class=\"row-29\">\n\t<td class=\"column-3\">Ewaluacja efekt\u00f3w szkolenia<\/td>\n<\/tr>\n<tr class=\"row-30\">\n\t<td class=\"column-1\">Sample szkole\u0144 uczestnik\u00f3w \u2013 podsumowanie tre\u015bci z kursu<\/td><td class=\"column-2\">2 h<\/td><td class=\"column-3\">30 - minutowe sample szkole\u0144 uczestnik\u00f3w szkolenia<\/td>\n<\/tr>\n<\/tbody>\n<\/table>\n<!-- #tablepress-17 from cache --><\/div>\n\t\t\t\t\t\t<\/div>\n\t\t\t\t<\/div>\n\t\t\t\t\t<\/div>\n\t\t<\/div>\n\t\t\t\t\t<\/div>\n\t\t<\/section>\n\t\t\t\t<\/div>\n\t\t","protected":false},"excerpt":{"rendered":"<p>Trwaj\u0105cy 4 miesi\u0105ce kurs dedykowany trenerom biznesu, kt\u00f3rzy zajmuj\u0105 kszta\u0142towaniem i rozwojem kompetencji. Celem kursu jest nabycie wiedzy z zakresu zwrot\u00f3w i struktur typowych dla prowadzenia szkole\u0144 oraz opanowanie umiej\u0119tno\u015bci u\u017cywania ich w praktyce. Zaj\u0119cia odbywaj\u0105 si\u0119 w formie szkolenia \u0142\u0105cz\u0105cego mini cz\u0119\u015b\u0107 teoretyczn\u0105 z praktyczn\u0105. Pracujemy nad wybranymi etapami i elementami szkole\u0144 tj. budowanie kontraktu, czy prowadzenie dyskusji. Kurs umo\u017cliwia prowadzenie pr\u00f3bek \u0107wicze\u0144 tj. symulacje czy case study. Kurs ko\u0144czymy przyk\u0142adowym mini szkoleniem przeprowadzonym przez ka\u017cdego z uczestnik\u00f3w.<\/p>\n<p>Kurs jest prowadzony w ma\u0142ych grupach w celu zapewnienia mo\u017cliwo\u015bci swobodnej konwersacji i praktyki w u\u017cyciu j\u0119zyka (grupy do 4 os\u00f3b).<\/p>\n<p>Ka\u017cdy uczestnik otrzymuje materia\u0142y obejmuj\u0105ce tre\u015bci przekazywane w trakcie kursu:<\/p>\n<ul>\n<li>Prezentacja<\/li>\n<li>Lista s\u0142\u00f3wek wraz ze zwrotami u\u017cywanymi w szkoleniach<\/li>\n<li>Lista zwrot\u00f3w z live\u2019\u00f3w (a zatem u\u017cywanych przez uczestnik\u00f3w w trakcie kursu m.in. autoprezentacji, przedstawienia, kontraktu itd.)<\/li>\n<li>Pisemny feedback j\u0119zykowy bazuj\u0105cy na prowadzonych pr\u00f3bkach szkole\u0144 (transkrypcja)<\/li>\n<li>Certyfikat w j\u0119zyku polskim i angielskim<\/li>\n<\/ul>\n<p>Poziom kursu: B1; B2<br \/>\nGdzie: Online (zoom)<br \/>\nKiedy: Kurs trwa 4 miesi\u0105ce &#8211; 4 spotkania po 60 minut, w ka\u017cdym miesi\u0105cu.<\/p>\n","protected":false},"featured_media":630,"template":"","meta":[],"product_brand":[],"product_cat":[23],"product_tag":[],"class_list":{"0":"post-629","1":"product","2":"type-product","3":"status-publish","4":"has-post-thumbnail","6":"product_cat-kursy-specjalistyczne","8":"first","9":"instock","10":"virtual","11":"purchasable","12":"product-type-simple"},"_links":{"self":[{"href":"https:\/\/www.couchenglish.pl\/pl\/wp-json\/wp\/v2\/product\/629","targetHints":{"allow":["GET"]}}],"collection":[{"href":"https:\/\/www.couchenglish.pl\/pl\/wp-json\/wp\/v2\/product"}],"about":[{"href":"https:\/\/www.couchenglish.pl\/pl\/wp-json\/wp\/v2\/types\/product"}],"version-history":[{"count":7,"href":"https:\/\/www.couchenglish.pl\/pl\/wp-json\/wp\/v2\/product\/629\/revisions"}],"predecessor-version":[{"id":5508,"href":"https:\/\/www.couchenglish.pl\/pl\/wp-json\/wp\/v2\/product\/629\/revisions\/5508"}],"wp:featuredmedia":[{"embeddable":true,"href":"https:\/\/www.couchenglish.pl\/pl\/wp-json\/wp\/v2\/media\/630"}],"wp:attachment":[{"href":"https:\/\/www.couchenglish.pl\/pl\/wp-json\/wp\/v2\/media?parent=629"}],"wp:term":[{"taxonomy":"product_brand","embeddable":true,"href":"https:\/\/www.couchenglish.pl\/pl\/wp-json\/wp\/v2\/product_brand?post=629"},{"taxonomy":"product_cat","embeddable":true,"href":"https:\/\/www.couchenglish.pl\/pl\/wp-json\/wp\/v2\/product_cat?post=629"},{"taxonomy":"product_tag","embeddable":true,"href":"https:\/\/www.couchenglish.pl\/pl\/wp-json\/wp\/v2\/product_tag?post=629"}],"curies":[{"name":"wp","href":"https:\/\/api.w.org\/{rel}","templated":true}]}}