{"id":6507,"date":"2024-06-11T16:12:53","date_gmt":"2024-06-11T14:12:53","guid":{"rendered":"https:\/\/www.couchenglish.pl\/?post_type=product&#038;p=6507"},"modified":"2024-10-16T21:23:21","modified_gmt":"2024-10-16T19:23:21","slug":"trainers-showcase","status":"publish","type":"product","link":"https:\/\/www.couchenglish.pl\/pl\/produkt\/trainers-showcase\/","title":{"rendered":"Trainer\u2019s Showcase \u2013 Pr\u00f3bka szkolenia po angielsku"},"content":{"rendered":"\t\t<div data-elementor-type=\"wp-post\" data-elementor-id=\"6507\" class=\"elementor elementor-6507\">\n\t\t\t\t\t\t<section class=\"elementor-section elementor-top-section elementor-element elementor-element-377d339 elementor-section-full_width elementor-section-height-default elementor-section-height-default\" data-id=\"377d339\" data-element_type=\"section\" data-e-type=\"section\">\n\t\t\t\t\t\t<div class=\"elementor-container elementor-column-gap-default\">\n\t\t\t\t\t<div class=\"elementor-column elementor-col-100 elementor-top-column elementor-element elementor-element-023594d\" data-id=\"023594d\" data-element_type=\"column\" data-e-type=\"column\">\n\t\t\t<div class=\"elementor-widget-wrap elementor-element-populated\">\n\t\t\t\t\t\t\t<\/div>\n\t\t<\/div>\n\t\t\t\t\t<\/div>\n\t\t<\/section>\n\t\t\t\t<\/div>\n\t\t","protected":false},"excerpt":{"rendered":"<p>Jednorazowe spotkanie dla trener\u00f3w umo\u017cliwiaj\u0105ce pog\u0142\u0119bienie swoich kompetencji j\u0119zykowych w trakcie mini szkolenia.<\/p>\n<p><strong>Co to jest \u201eTrainer\u2019s Showcase\u201d?<\/strong><\/p>\n<p>2-godzinne spotkanie, podczas kt\u00f3rego nasi absolwenci kursu <strong>English for Trainers<\/strong> \u00a0i wszyscy trenerzy, kt\u00f3rzy chc\u0105 po\u0107wiczy\u0107 swoje umiej\u0119tno\u015bci j\u0119zykowe w praktyce, b\u0119d\u0105 mieli mo\u017cliwo\u015b\u0107 poprowadzenia mini szkolenia na wybrany przez siebie temat.<\/p>\n<p>Uczestnicy, kt\u00f3rzy zg\u0142osz\u0105 si\u0119 do tej roli trenera, b\u0119d\u0105 pracowa\u0107 z zupe\u0142nie now\u0105 grup\u0105 s\u0142uchaczy, co pozwoli im zdoby\u0107 jeszcze wi\u0119ksz\u0105 pewno\u015b\u0107 siebie i umiej\u0119tno\u015bci w prowadzeniu szkole\u0144 w zr\u00f3\u017cnicowanym \u015brodowisku.<\/p>\n<p><strong>Kto bierze udzia\u0142 w spotkaniu:<\/strong><\/p>\n<p>1. Trener prowadz\u0105cy, kt\u00f3ry przygotouje i przeprowadza mini szkolenie po angielsku<br \/>\n2. Uczestnicy \u2013 trenerzy, coachee, specjali\u015bci, kt\u00f3rzy maj\u0105 ochot\u0119 wzi\u0105\u0107 udzia\u0142 w ciekawym szkoleniu, a jednocze\u015bnie \u0107wicz\u0105 sw\u00f3j j\u0119zyk angielski<\/p>\n<p><strong>Dlaczego warto wzi\u0105\u0107 udzia\u0142?<\/strong><\/p>\n<p>1.<strong> Trenerzy<\/strong><\/p>\n<ul>\n<li>Szansa na prac\u0119 z now\u0105 grup\u0105 uczestnik\u00f3w, co przybli\u017cy do\u015bwiadczenie rzeczywistego szkolenia.<\/li>\n<li>Rozw\u00f3j kompetencji j\u0119zykowych i trenerskich w praktyce.<\/li>\n<li><strong>Feedback j\u0119zykowy<\/strong> od prowadz\u0105cego wraz z <strong>transkrypcj\u0105 i korektami j\u0119zykowymi<\/strong> omawianych w trakcie szkolenia tre\u015bci<\/li>\n<li><strong>Weryfikacja j\u0119zykowa prezentacji <\/strong>i\u00a0materia\u0142\u00f3w szkoleniowych<\/li>\n<\/ul>\n<p>2.<strong> Uczestnicy<\/strong><\/p>\n<ul>\n<li>Udzia\u0142 w ciekawych i warto\u015bciowych szkoleniach na tematy takie jak komunikacja, zarz\u0105dzanie zespo\u0142em, r\u00f3\u017cnorodno\u015b\u0107, zarz\u0105dzanie czasem i wiele innych.<\/li>\n<li>Mo\u017cliwo\u015b\u0107 wymiany do\u015bwiadcze\u0144 z innymi uczestnikami kursu.<\/li>\n<li><strong>Materia\u0142y do self \u2013 study<\/strong> z postaci prezentacji oraz fiszek z wybranymi zwrotami, przyk\u0142adami zastosowa\u0144 mo\u017cliwymi do zastosowania w prowadzeniu profesjonalnych prezentacji biznesowych<\/li>\n<\/ul>\n<p><strong>Jak si\u0119 zg\u0142osi\u0107?<br \/>\n<\/strong>Je\u015bli chcesz spr\u00f3bowa\u0107 swoich si\u0142 jako trener, wystarczy wys\u0142a\u0107 formularz zg\u0142oszeniowy (wybieraj\u0105c opcj\u0119 trener), a nast\u0119pnie my skontaktujemy si\u0119 z Tob\u0105, aby ustali\u0107 temat szkolenia, kt\u00f3re chcesz poprowadzi\u0107.<\/p>\n<p>Je\u015bli interesuje Ci\u0119 rola uczestnika, prosimy o zg\u0142oszenie ch\u0119ci udzia\u0142u r\u00f3wnie\u017c poprzez formularz (opcja uczestnik), a my skontaktujemy si\u0119 z Tob\u0105 w celu potwierdzenia szczeg\u00f3\u0142\u00f3w.<\/p>\n<p><strong>Szczeg\u00f3\u0142y:<\/strong><\/p>\n<ul>\n<li>Czas trwania: 2 godziny<\/li>\n<li>Lokalizacja: spotkanie online, zoom<\/li>\n<li>Poziom j\u0119zykowy: B2\/C1<\/li>\n<\/ul>\n<p><strong>Koszt udzia\u0142u:<\/strong><\/p>\n<ol>\n<li>Trenerzy \u2013 150 PLN<\/li>\n<li>Uczestnicy \u2013 50 PLN<\/li>\n<\/ol>\n<p>&nbsp;<\/p>\n<p>Do\u0142\u0105cz do nas i we\u017a udzia\u0142 w \u201eTrainer\u2019s Showcase\u201d &#8211; to doskona\u0142a okazja do dalszego rozwoju zawodowego i osobistego w inspiruj\u0105cym i wspieraj\u0105cym \u015brodowisku!<br \/>\nZ niecierpliwo\u015bci\u0105 czekamy na Wasze zg\u0142oszenia!<\/p>\n<p>&nbsp;<\/p>\n","protected":false},"featured_media":6511,"template":"","meta":[],"product_brand":[],"product_cat":[105],"product_tag":[],"class_list":{"0":"post-6507","1":"product","2":"type-product","3":"status-publish","4":"has-post-thumbnail","6":"product_cat-mentoring","8":"first","9":"instock","10":"shipping-taxable","11":"purchasable","12":"product-type-variable","13":"has-default-attributes"},"_links":{"self":[{"href":"https:\/\/www.couchenglish.pl\/pl\/wp-json\/wp\/v2\/product\/6507","targetHints":{"allow":["GET"]}}],"collection":[{"href":"https:\/\/www.couchenglish.pl\/pl\/wp-json\/wp\/v2\/product"}],"about":[{"href":"https:\/\/www.couchenglish.pl\/pl\/wp-json\/wp\/v2\/types\/product"}],"version-history":[{"count":11,"href":"https:\/\/www.couchenglish.pl\/pl\/wp-json\/wp\/v2\/product\/6507\/revisions"}],"predecessor-version":[{"id":21666,"href":"https:\/\/www.couchenglish.pl\/pl\/wp-json\/wp\/v2\/product\/6507\/revisions\/21666"}],"wp:featuredmedia":[{"embeddable":true,"href":"https:\/\/www.couchenglish.pl\/pl\/wp-json\/wp\/v2\/media\/6511"}],"wp:attachment":[{"href":"https:\/\/www.couchenglish.pl\/pl\/wp-json\/wp\/v2\/media?parent=6507"}],"wp:term":[{"taxonomy":"product_brand","embeddable":true,"href":"https:\/\/www.couchenglish.pl\/pl\/wp-json\/wp\/v2\/product_brand?post=6507"},{"taxonomy":"product_cat","embeddable":true,"href":"https:\/\/www.couchenglish.pl\/pl\/wp-json\/wp\/v2\/product_cat?post=6507"},{"taxonomy":"product_tag","embeddable":true,"href":"https:\/\/www.couchenglish.pl\/pl\/wp-json\/wp\/v2\/product_tag?post=6507"}],"curies":[{"name":"wp","href":"https:\/\/api.w.org\/{rel}","templated":true}]}}