{"id":656,"date":"2023-11-21T19:59:28","date_gmt":"2023-11-21T18:59:28","guid":{"rendered":"https:\/\/www.couchenglish.pl\/?post_type=product&#038;p=656"},"modified":"2025-08-03T18:50:35","modified_gmt":"2025-08-03T16:50:35","slug":"english-for-product-owners","status":"publish","type":"product","link":"https:\/\/www.couchenglish.pl\/pl\/produkt\/english-for-product-owners\/","title":{"rendered":"English for Product Owners"},"content":{"rendered":"\t\t<div data-elementor-type=\"wp-post\" data-elementor-id=\"656\" class=\"elementor elementor-656\">\n\t\t\t\t\t\t<section class=\"elementor-section elementor-top-section elementor-element elementor-element-377d339 elementor-section-full_width elementor-section-height-default elementor-section-height-default\" data-id=\"377d339\" data-element_type=\"section\" data-e-type=\"section\">\n\t\t\t\t\t\t<div class=\"elementor-container elementor-column-gap-default\">\n\t\t\t\t\t<div class=\"elementor-column elementor-col-100 elementor-top-column elementor-element elementor-element-023594d\" data-id=\"023594d\" data-element_type=\"column\" data-e-type=\"column\">\n\t\t\t<div class=\"elementor-widget-wrap elementor-element-populated\">\n\t\t\t\t\t\t<div class=\"elementor-element elementor-element-68eae2b elementor-widget elementor-widget-shortcode\" data-id=\"68eae2b\" data-element_type=\"widget\" data-e-type=\"widget\" data-widget_type=\"shortcode.default\">\n\t\t\t\t<div class=\"elementor-widget-container\">\n\t\t\t\t\t\t\t<div class=\"elementor-shortcode\">\n<table id=\"tablepress-20\" class=\"tablepress tablepress-id-20 tbody-has-connected-cells\">\n<tbody>\n<tr class=\"row-1\">\n\t<td class=\"column-1\">Temat<\/td><td class=\"column-2\">Czas trwania<\/td><td class=\"column-3\">Zakres tematyczny<\/td>\n<\/tr>\n<tr class=\"row-2\">\n\t<td rowspan=\"3\" class=\"column-1\">Agile product development<\/td><td rowspan=\"3\" class=\"column-2\">2h<\/td><td class=\"column-3\">Rozumienie, kultura i manifestu Agile<\/td>\n<\/tr>\n<tr class=\"row-3\">\n\t<td class=\"column-3\">Agile j\u0119zykiem korzy\u015bci - prezentacja przed interesariuszami<\/td>\n<\/tr>\n<tr class=\"row-4\">\n\t<td class=\"column-3\">Kultura produktowa<\/td>\n<\/tr>\n<tr class=\"row-5\">\n\t<td rowspan=\"4\" class=\"column-1\">Rola Product Owners<\/td><td rowspan=\"4\" class=\"column-2\">2h<\/td><td class=\"column-3\">Scrum i odpowiedzialno\u015b\u0107 PO<\/td>\n<\/tr>\n<tr class=\"row-6\">\n\t<td class=\"column-3\">Jak zarz\u0105dza\u0107 interesariuszami<\/td>\n<\/tr>\n<tr class=\"row-7\">\n\t<td class=\"column-3\">Zarz\u0105dzanie kontaktem z klientem<\/td>\n<\/tr>\n<tr class=\"row-8\">\n\t<td class=\"column-3\">Po przez du\u017ce P czyli rola PO w bardzo du\u017cym projekcie<\/td>\n<\/tr>\n<tr class=\"row-9\">\n\t<td rowspan=\"3\" class=\"column-1\">Product Vision Board\/Elevator Pitch\/Design Thinking<\/td><td rowspan=\"3\" class=\"column-2\">2h<\/td><td class=\"column-3\">Czym jest wizja produktu<\/td>\n<\/tr>\n<tr class=\"row-10\">\n\t<td class=\"column-3\">Narz\u0119dzia do wypracowania wizji produktu<\/td>\n<\/tr>\n<tr class=\"row-11\">\n\t<td class=\"column-3\">Przek\u0142adanie wizji na backlog-roadmapa<\/td>\n<\/tr>\n<tr class=\"row-12\">\n\t<td rowspan=\"4\" class=\"column-1\">Rola PO w sprincie<\/td><td rowspan=\"4\" class=\"column-2\">2h<\/td><td class=\"column-3\">Planowanie<\/td>\n<\/tr>\n<tr class=\"row-13\">\n\t<td class=\"column-3\">Daily<\/td>\n<\/tr>\n<tr class=\"row-14\">\n\t<td class=\"column-3\">Review<\/td>\n<\/tr>\n<tr class=\"row-15\">\n\t<td class=\"column-3\">Retrospekcja<\/td>\n<\/tr>\n<tr class=\"row-16\">\n\t<td rowspan=\"4\" class=\"column-1\">Warto\u015b\u0107\/Opomiarowanie\/EBM\/Walidacja<\/td><td rowspan=\"4\" class=\"column-2\">2h<\/td><td class=\"column-3\">Czym jest warto\u015b\u0107 i na czym polega jej maksymalizowanie<\/td>\n<\/tr>\n<tr class=\"row-17\">\n\t<td class=\"column-3\">Priorytetyzacja oparta o warto\u015b\u0107<\/td>\n<\/tr>\n<tr class=\"row-18\">\n\t<td class=\"column-3\">Metryki i EBM<\/td>\n<\/tr>\n<tr class=\"row-19\">\n\t<td class=\"column-3\">Walidacja produktu<\/td>\n<\/tr>\n<tr class=\"row-20\">\n\t<td rowspan=\"3\" class=\"column-1\">Narz\u0119dzie i techniki u\u017cywane w  Product Backlog Management<\/td><td rowspan=\"3\" class=\"column-2\">2 h<\/td><td class=\"column-3\">DEEP, Value points, ustalanie priorytet\u00f3w<\/td>\n<\/tr>\n<tr class=\"row-21\">\n\t<td class=\"column-3\">Historyjki u\u017cytkownika, definicja ready<\/td>\n<\/tr>\n<tr class=\"row-22\">\n\t<td class=\"column-3\">Refinement backlogu<\/td>\n<\/tr>\n<tr class=\"row-23\">\n\t<td rowspan=\"4\" class=\"column-1\">Release management<\/td><td rowspan=\"4\" class=\"column-2\">2h<\/td><td class=\"column-3\">Potok wdro\u017ceniowy<\/td>\n<\/tr>\n<tr class=\"row-24\">\n\t<td class=\"column-3\">GO release Map<\/td>\n<\/tr>\n<tr class=\"row-25\">\n\t<td class=\"column-3\">Story mapping<\/td>\n<\/tr>\n<tr class=\"row-26\">\n\t<td class=\"column-3\">Negocjacje<\/td>\n<\/tr>\n<tr class=\"row-27\">\n\t<td rowspan=\"4\" class=\"column-1\">Cooperation with the team 2h<\/td><td rowspan=\"4\" class=\"column-2\">2h<\/td><td class=\"column-3\">Spotkania scrumowe i mi\u0119kkie aspekty wsp\u00f3\u0142pracy z zespo\u0142em<\/td>\n<\/tr>\n<tr class=\"row-28\">\n\t<td class=\"column-3\">Wsp\u00f3\u0142praca ze Scrum Masterem<\/td>\n<\/tr>\n<tr class=\"row-29\">\n\t<td class=\"column-3\">Praca z PO: Podsumowanie sprintu  - wyniki, d\u0142ugi technologiczne<\/td>\n<\/tr>\n<tr class=\"row-30\">\n\t<td class=\"column-3\">Zarz\u0105dzanie interesariuszami podczas spotkania<\/td>\n<\/tr>\n<\/tbody>\n<\/table>\n<!-- #tablepress-20 from cache --><\/div>\n\t\t\t\t\t\t<\/div>\n\t\t\t\t<\/div>\n\t\t\t\t\t<\/div>\n\t\t<\/div>\n\t\t\t\t\t<\/div>\n\t\t<\/section>\n\t\t\t\t<\/div>\n\t\t","protected":false},"excerpt":{"rendered":"<p>Trwaj\u0105cy 4 miesi\u0105ce kurs online, przeznaczony dla Product Owner\u00f3w\/Product Manager\u00f3w chc\u0105cych ustali\u0107 z klientem angloj\u0119zycznym potrzeby biznesowe i wsp\u00f3\u0142pracowa\u0107 z interesariuszami, u\u017cywaj\u0105c j\u0119zyka angielskiego. Kurs prowadzony wsp\u00f3lnie przez do\u015bwiadczonego SCRUM MASTER, Agile coacha z certyfikacj\u0105 ICC oraz coacha ICF (ACC), trenera biznesu z 15 \u2013 letnim do\u015bwiadczeniem w biznesie (HR) i lektora Business English.<\/p>\n<p>Celem kursu jest nabycie wiedzy z zakresu typowych zwrot\u00f3w i struktur u\u017cywanych w procesie prowadzenia spotka\u0144 z klientem, zbierania oczekiwa\u0144, tworzenia i omawiania z zespo\u0142em wizji produktu oraz opanowanie umiej\u0119tno\u015bci u\u017cywania poznanych struktur w praktyce (w trakcie zaj\u0119\u0107 b\u0119dziemy przeprowadza\u0107 przyk\u0142adowe spotkania po angielsku). Zaj\u0119cia odbywaj\u0105 si\u0119 w formie szkolenia i \u0142\u0105cz\u0105 cz\u0119\u015b\u0107 teoretyczn\u0105 z praktyczn\u0105, dyskusj\u0105 oraz pr\u00f3bkami spotka\u0144 (m.n. om\u00f3wienie wizji produktu z PO czy przeprowadzenie mini szkolenia dla organizacji).<\/p>\n<p>Kurs jest prowadzony w ma\u0142ych grupach w celu zapewnienia mo\u017cliwo\u015bci swobodnej konwersacji i praktyki w u\u017cyciu j\u0119zyka (grupy do 6 os\u00f3b).<\/p>\n<p>Ka\u017cdy uczestnik otrzymuje materia\u0142y obejmuj\u0105ce tre\u015bci przekazywane w trakcie kursu:<\/p>\n<ul>\n<li>Prezentacja<\/li>\n<li>Lista s\u0142\u00f3wek wraz ze zwrotami u\u017cywanymi w pracy Product Ownera<\/li>\n<li>Lista zwrot\u00f3w z live\u2019\u00f3w (a zatem u\u017cywanych przez uczestnik\u00f3w w trakcie kursu spotkania ze stakeholderami.)<\/li>\n<li>Pisemny feedback j\u0119zykowy bazuj\u0105cy na prowadzonych pr\u00f3bkach spotka\u0144 (transkrypcja)<\/li>\n<li>Certyfikat w j\u0119zyku polskim i angielskim<\/li>\n<\/ul>\n<p>Poziom kursu: B1; B2<br \/>\nGdzie: Online (zoom)<br \/>\nKiedy: Kurs trwa 4 miesi\u0105ce &#8211; 4 spotkania po 60 minut, w ka\u017cdym miesi\u0105cu.<\/p>\n","protected":false},"featured_media":657,"template":"","meta":[],"product_brand":[],"product_cat":[23],"product_tag":[],"class_list":{"0":"post-656","1":"product","2":"type-product","3":"status-publish","4":"has-post-thumbnail","6":"product_cat-kursy-specjalistyczne","8":"first","9":"instock","10":"virtual","11":"purchasable","12":"product-type-simple"},"_links":{"self":[{"href":"https:\/\/www.couchenglish.pl\/pl\/wp-json\/wp\/v2\/product\/656","targetHints":{"allow":["GET"]}}],"collection":[{"href":"https:\/\/www.couchenglish.pl\/pl\/wp-json\/wp\/v2\/product"}],"about":[{"href":"https:\/\/www.couchenglish.pl\/pl\/wp-json\/wp\/v2\/types\/product"}],"version-history":[{"count":8,"href":"https:\/\/www.couchenglish.pl\/pl\/wp-json\/wp\/v2\/product\/656\/revisions"}],"predecessor-version":[{"id":5603,"href":"https:\/\/www.couchenglish.pl\/pl\/wp-json\/wp\/v2\/product\/656\/revisions\/5603"}],"wp:featuredmedia":[{"embeddable":true,"href":"https:\/\/www.couchenglish.pl\/pl\/wp-json\/wp\/v2\/media\/657"}],"wp:attachment":[{"href":"https:\/\/www.couchenglish.pl\/pl\/wp-json\/wp\/v2\/media?parent=656"}],"wp:term":[{"taxonomy":"product_brand","embeddable":true,"href":"https:\/\/www.couchenglish.pl\/pl\/wp-json\/wp\/v2\/product_brand?post=656"},{"taxonomy":"product_cat","embeddable":true,"href":"https:\/\/www.couchenglish.pl\/pl\/wp-json\/wp\/v2\/product_cat?post=656"},{"taxonomy":"product_tag","embeddable":true,"href":"https:\/\/www.couchenglish.pl\/pl\/wp-json\/wp\/v2\/product_tag?post=656"}],"curies":[{"name":"wp","href":"https:\/\/api.w.org\/{rel}","templated":true}]}}