{"id":664,"date":"2023-11-01T20:23:46","date_gmt":"2023-11-01T19:23:46","guid":{"rendered":"https:\/\/www.couchenglish.pl\/?post_type=product&#038;p=664"},"modified":"2025-08-03T18:56:16","modified_gmt":"2025-08-03T16:56:16","slug":"english-for-teachers","status":"publish","type":"product","link":"https:\/\/www.couchenglish.pl\/pl\/produkt\/english-for-teachers\/","title":{"rendered":"English for Teachers"},"content":{"rendered":"\t\t<div data-elementor-type=\"wp-post\" data-elementor-id=\"664\" class=\"elementor elementor-664\">\n\t\t\t\t\t\t<section class=\"elementor-section elementor-top-section elementor-element elementor-element-377d339 elementor-section-full_width elementor-section-height-default elementor-section-height-default\" data-id=\"377d339\" data-element_type=\"section\" data-e-type=\"section\">\n\t\t\t\t\t\t<div class=\"elementor-container elementor-column-gap-default\">\n\t\t\t\t\t<div class=\"elementor-column elementor-col-100 elementor-top-column elementor-element elementor-element-023594d\" data-id=\"023594d\" data-element_type=\"column\" data-e-type=\"column\">\n\t\t\t<div class=\"elementor-widget-wrap elementor-element-populated\">\n\t\t\t\t\t\t<div class=\"elementor-element elementor-element-68eae2b elementor-widget elementor-widget-shortcode\" data-id=\"68eae2b\" data-element_type=\"widget\" data-e-type=\"widget\" data-widget_type=\"shortcode.default\">\n\t\t\t\t<div class=\"elementor-widget-container\">\n\t\t\t\t\t\t\t<div class=\"elementor-shortcode\">\n<table id=\"tablepress-57\" class=\"tablepress tablepress-id-57 tbody-has-connected-cells\">\n<tbody>\n<tr class=\"row-1\">\n\t<td class=\"column-1\">Temat<\/td><td class=\"column-2\">Czas trwania<\/td><td class=\"column-3\">Zakres tematyczny<\/td>\n<\/tr>\n<tr class=\"row-2\">\n\t<td rowspan=\"3\" class=\"column-1\">Struktura organizacyjna<\/td><td rowspan=\"3\" class=\"column-2\">2h<\/td><td class=\"column-3\">Rodzaje struktur organizacyjnych<\/td>\n<\/tr>\n<tr class=\"row-3\">\n\t<td class=\"column-3\">Opisy stanowisk na podstawie kompetencji<\/td>\n<\/tr>\n<tr class=\"row-4\">\n\t<td class=\"column-3\">Funkcje i procesy w poszczeg\u00f3lnych dzia\u0142ach<\/td>\n<\/tr>\n<tr class=\"row-5\">\n\t<td rowspan=\"2\" class=\"column-1\">Ewolucja zarz\u0105dzania biznesem<\/td><td rowspan=\"2\" class=\"column-2\">2h<\/td><td class=\"column-3\">Kolory organizacji<\/td>\n<\/tr>\n<tr class=\"row-6\">\n\t<td class=\"column-3\">Turkusowa organizacja jako nowoczesna forma zarz\u0105dzania biznesem<\/td>\n<\/tr>\n<tr class=\"row-7\">\n\t<td rowspan=\"3\" class=\"column-1\">Zarz\u0105dzanie strategiczne<\/td><td rowspan=\"3\" class=\"column-2\">2 h<\/td><td class=\"column-3\">Misja, wizja, strategia<\/td>\n<\/tr>\n<tr class=\"row-8\">\n\t<td class=\"column-3\">Cele strategiczne, taktyczne i operacyjne<\/td>\n<\/tr>\n<tr class=\"row-9\">\n\t<td class=\"column-3\">Zarz\u0105dzanie przez cele, a zarz\u0105dzanie przez kompetencje<\/td>\n<\/tr>\n<tr class=\"row-10\">\n\t<td rowspan=\"3\" class=\"column-1\">Zatrudnienie i systemy wynagrodze\u0144<\/td><td rowspan=\"3\" class=\"column-2\">2 h<\/td><td class=\"column-3\">Rodzaje zatrudnienia<\/td>\n<\/tr>\n<tr class=\"row-11\">\n\t<td class=\"column-3\">Typowe zwroty u\u017cywane w obszarze zatrudnienia<\/td>\n<\/tr>\n<tr class=\"row-12\">\n\t<td class=\"column-3\">Systemy wynagrodze\u0144<\/td>\n<\/tr>\n<tr class=\"row-13\">\n\t<td rowspan=\"3\" class=\"column-1\">Fuzje i przej\u0119cia<\/td><td rowspan=\"3\" class=\"column-2\">2 h<\/td><td class=\"column-3\">Rodzaje M&amp;A z prawnego punktu widzenia<\/td>\n<\/tr>\n<tr class=\"row-14\">\n\t<td class=\"column-3\">Proces fuzji i przej\u0119\u0107<\/td>\n<\/tr>\n<tr class=\"row-15\">\n\t<td class=\"column-3\">Dlaczego firmy si\u0119 \u0142\u0105cz\u0105<\/td>\n<\/tr>\n<tr class=\"row-16\">\n\t<td rowspan=\"3\" class=\"column-1\">Wprowadzenie nowego produktu<\/td><td rowspan=\"3\" class=\"column-2\">2 h<\/td><td class=\"column-3\">Co to jest proces NPI w produkcji?<\/td>\n<\/tr>\n<tr class=\"row-17\">\n\t<td class=\"column-3\">Etapy NPI<\/td>\n<\/tr>\n<tr class=\"row-18\">\n\t<td class=\"column-3\">Rola poszczeg\u00f3lnych dzia\u0142\u00f3w w procesie NPI<\/td>\n<\/tr>\n<tr class=\"row-19\">\n\t<td rowspan=\"4\" class=\"column-1\">Strategia sprzeda\u017cy<\/td><td rowspan=\"4\" class=\"column-2\">2 h<\/td><td class=\"column-3\">Polityka sprzeda\u017cy<\/td>\n<\/tr>\n<tr class=\"row-20\">\n\t<td class=\"column-3\">CRM jako podstawowe narz\u0119dzie efektywno\u015bci sprzeda\u017cy<\/td>\n<\/tr>\n<tr class=\"row-21\">\n\t<td class=\"column-3\">Lejki sprzeda\u017cowe i inne narz\u0119dzia do pozyskiwania klient\u00f3w<\/td>\n<\/tr>\n<tr class=\"row-22\">\n\t<td class=\"column-3\">VUCA - jak zarz\u0105dza\u0107 biznesem w dynamicznej organizacji<\/td>\n<\/tr>\n<tr class=\"row-23\">\n\t<td rowspan=\"3\" class=\"column-1\">Agile jako najnowszy spos\u00f3b my\u015blenia w zarz\u0105dzaniu biznesem<\/td><td rowspan=\"3\" class=\"column-2\">2h <\/td><td class=\"column-3\">Co to jest Agile?<\/td>\n<\/tr>\n<tr class=\"row-24\">\n\t<td class=\"column-3\">Agile a waterfall<\/td>\n<\/tr>\n<tr class=\"row-25\">\n\t<td class=\"column-3\">Role i procesy w Agile<\/td>\n<\/tr>\n<\/tbody>\n<\/table>\n<!-- #tablepress-57 from cache --><\/div>\n\t\t\t\t\t\t<\/div>\n\t\t\t\t<\/div>\n\t\t\t\t\t<\/div>\n\t\t<\/div>\n\t\t\t\t\t<\/div>\n\t\t<\/section>\n\t\t\t\t<\/div>\n\t\t","protected":false},"excerpt":{"rendered":"<p>Trwaj\u0105cy 4 miesi\u0105ce kurs online, dedykowany nauczycielom, chc\u0105cym poszerzy\u0107 swoj\u0105 wiedz\u0119 biznesow\u0105 i pozna\u0107 typowe s\u0142ownictwo angielskie u\u017cywane w praktyce w biznesie. Celem kursu jest nabycie wiedzy z zakresu g\u0142\u00f3wnych dziedzin biznesu oraz pog\u0142\u0119bienie wiedzy w ramach s\u0142ownictwa u\u017cywanego w praktyce w korporacjach stosuj\u0105cych j\u0119zyk angielski.<\/p>\n<p>Zaj\u0119cia odbywaj\u0105 si\u0119 w formie szkolenia, \u0142\u0105cz\u0105cego cz\u0119\u015b\u0107 teoretyczn\u0105 i praktyczn\u0105, dyskusj\u0105 oraz zadaniami do rozwi\u0105zania. Istnieje mo\u017cliwo\u015b\u0107 rozszerzenia zakresu kursu o indywidualne konsultacje, uwzgl\u0119dniaj\u0105ce nabycie dodatkowej wiedzy w wybranej dziedzinie biznesu.<\/p>\n<p>Kurs jest prowadzony w ma\u0142ych grupach w celu zapewnienia mo\u017cliwo\u015bci swobodnej konwersacji i praktyki w u\u017cyciu j\u0119zyka (grupy do 6 os\u00f3b).<\/p>\n<p>Ka\u017cdy uczestnik otrzymuje materia\u0142y obejmuj\u0105ce tre\u015bci przekazywane w trakcie kursu:<\/p>\n<ul>\n<li>Prezentacja w formacie ppt, zawieraj\u0105ca opis wybranego zagadnienia<\/li>\n<li>Lista s\u0142\u00f3wek z danego tematu, z przyk\u0142adami zastosowa\u0144<\/li>\n<li>\u0106wiczenia umo\u017cliwiaj\u0105ce utrwalenie wiedzy z danego zagadnienia<\/li>\n<li>Certyfikat w j\u0119zyku polskim i angielskim<\/li>\n<\/ul>\n<p>Poziom kursu: B2<br \/>\nGdzie: Online (zoom)<br \/>\nKiedy: Kurs trwa 4 miesi\u0105ce &#8211; 4 spotkania po 60 minut, w ka\u017cdym miesi\u0105cu.<\/p>\n","protected":false},"featured_media":665,"template":"","meta":[],"product_brand":[],"product_cat":[23],"product_tag":[],"class_list":{"0":"post-664","1":"product","2":"type-product","3":"status-publish","4":"has-post-thumbnail","6":"product_cat-kursy-specjalistyczne","8":"first","9":"instock","10":"virtual","11":"purchasable","12":"product-type-simple"},"_links":{"self":[{"href":"https:\/\/www.couchenglish.pl\/pl\/wp-json\/wp\/v2\/product\/664","targetHints":{"allow":["GET"]}}],"collection":[{"href":"https:\/\/www.couchenglish.pl\/pl\/wp-json\/wp\/v2\/product"}],"about":[{"href":"https:\/\/www.couchenglish.pl\/pl\/wp-json\/wp\/v2\/types\/product"}],"version-history":[{"count":10,"href":"https:\/\/www.couchenglish.pl\/pl\/wp-json\/wp\/v2\/product\/664\/revisions"}],"predecessor-version":[{"id":6061,"href":"https:\/\/www.couchenglish.pl\/pl\/wp-json\/wp\/v2\/product\/664\/revisions\/6061"}],"wp:featuredmedia":[{"embeddable":true,"href":"https:\/\/www.couchenglish.pl\/pl\/wp-json\/wp\/v2\/media\/665"}],"wp:attachment":[{"href":"https:\/\/www.couchenglish.pl\/pl\/wp-json\/wp\/v2\/media?parent=664"}],"wp:term":[{"taxonomy":"product_brand","embeddable":true,"href":"https:\/\/www.couchenglish.pl\/pl\/wp-json\/wp\/v2\/product_brand?post=664"},{"taxonomy":"product_cat","embeddable":true,"href":"https:\/\/www.couchenglish.pl\/pl\/wp-json\/wp\/v2\/product_cat?post=664"},{"taxonomy":"product_tag","embeddable":true,"href":"https:\/\/www.couchenglish.pl\/pl\/wp-json\/wp\/v2\/product_tag?post=664"}],"curies":[{"name":"wp","href":"https:\/\/api.w.org\/{rel}","templated":true}]}}